{"id":11094,"date":"2023-02-15T12:53:13","date_gmt":"2023-02-15T12:53:13","guid":{"rendered":"https:\/\/regionalmuseum-langnau.ch\/actuel\/collecte\/"},"modified":"2025-01-03T09:10:46","modified_gmt":"2025-01-03T09:10:46","slug":"collecte","status":"publish","type":"page","link":"https:\/\/regionalmuseum-langnau.ch\/fr\/actuel\/collecte\/","title":{"rendered":"D\u00e9collectionner"},"content":{"rendered":"<p><div id=\"titre\" class=\"fusion-container-anchor\"><div class=\"fusion-fullwidth fullwidth-box fusion-builder-row-1 fusion-flex-container has-pattern-background has-mask-background objekt_titel nonhundred-percent-fullwidth non-hundred-percent-height-scrolling\" style=\"--awb-border-radius-top-left:0px;--awb-border-radius-top-right:0px;--awb-border-radius-bottom-right:0px;--awb-border-radius-bottom-left:0px;--awb-background-color:var(--awb-color5);--awb-flex-wrap:wrap;\" ><div class=\"fusion-builder-row fusion-row fusion-flex-align-items-flex-start fusion-flex-content-wrap\" style=\"max-width:calc( 1200px + 0px );margin-left: calc(-0px \/ 2 );margin-right: calc(-0px \/ 2 );\"><div class=\"fusion-layout-column fusion_builder_column fusion-builder-column-0 fusion_builder_column_1_1 1_1 fusion-flex-column\" style=\"--awb-padding-right:6.5%;--awb-padding-left:6.5%;--awb-bg-size:cover;--awb-width-large:100%;--awb-margin-top-large:0px;--awb-spacing-right-large:0px;--awb-margin-bottom-large:0px;--awb-spacing-left-large:0px;--awb-width-medium:100%;--awb-order-medium:0;--awb-spacing-right-medium:0px;--awb-spacing-left-medium:0px;--awb-width-small:100%;--awb-order-small:0;--awb-spacing-right-small:0px;--awb-spacing-left-small:0px;\"><div class=\"fusion-column-wrapper fusion-column-has-shadow fusion-flex-justify-content-flex-start fusion-content-layout-column\"> <h1>D\u00e9collectionner<\/h1><\/div><\/div><\/div><\/div><\/div><div id=\"titre\" class=\"fusion-container-anchor\"><div class=\"fusion-fullwidth fullwidth-box fusion-builder-row-2 fusion-flex-container has-pattern-background has-mask-background objekt_titel nonhundred-percent-fullwidth non-hundred-percent-height-scrolling\" style=\"--awb-border-radius-top-left:0px;--awb-border-radius-top-right:0px;--awb-border-radius-bottom-right:0px;--awb-border-radius-bottom-left:0px;--awb-padding-top:30px;--awb-flex-wrap:wrap;\" ><div class=\"fusion-builder-row fusion-row fusion-flex-align-items-flex-start fusion-flex-content-wrap\" style=\"max-width:calc( 1200px + 0px );margin-left: calc(-0px \/ 2 );margin-right: calc(-0px \/ 2 );\"><div class=\"fusion-layout-column fusion_builder_column fusion-builder-column-1 fusion_builder_column_1_1 1_1 fusion-flex-column\" style=\"--awb-padding-right:6.5%;--awb-padding-left:6.5%;--awb-bg-size:cover;--awb-width-large:100%;--awb-margin-top-large:0px;--awb-spacing-right-large:0px;--awb-margin-bottom-large:0px;--awb-spacing-left-large:0px;--awb-width-medium:100%;--awb-order-medium:0;--awb-spacing-right-medium:0px;--awb-spacing-left-medium:0px;--awb-width-small:100%;--awb-order-small:0;--awb-spacing-right-small:0px;--awb-spacing-left-small:0px;\"><div class=\"fusion-column-wrapper fusion-column-has-shadow fusion-flex-justify-content-flex-start fusion-content-layout-column\"><nav class=\"fusion-breadcrumbs awb-yoast-breadcrumbs fusion-breadcrumbs-1\" style=\"--awb-alignment:right;--awb-breadcrumb-sep:&#039;\/&#039;;text-align:right;\" aria-label=\"Breadcrumb\"><span><span><a href=\"https:\/\/regionalmuseum-langnau.ch\/fr\/musee-regional-chueechlihus\/\">Page d'accueil<\/a><\/span><\/span><\/nav><\/div><\/div><\/div><\/div><\/div>\n<div id=\"heures d&apos;ouverture\" class=\"fusion-container-anchor\"><div class=\"fusion-fullwidth fullwidth-box fusion-builder-row-3 fusion-flex-container has-pattern-background has-mask-background nonhundred-percent-fullwidth non-hundred-percent-height-scrolling\" style=\"--awb-border-radius-top-left:0px;--awb-border-radius-top-right:0px;--awb-border-radius-bottom-right:0px;--awb-border-radius-bottom-left:0px;--awb-padding-right:6.5%;--awb-padding-left:6.5%;--awb-margin-top:36px;--awb-margin-bottom:50px;--awb-flex-wrap:wrap;\" ><div class=\"fusion-builder-row fusion-row fusion-flex-align-items-flex-start fusion-flex-content-wrap\" style=\"max-width:calc( 1200px + 0px );margin-left: calc(-0px \/ 2 );margin-right: calc(-0px \/ 2 );\"><div class=\"fusion-layout-column fusion_builder_column fusion-builder-column-2 fusion_builder_column_1_1 1_1 fusion-flex-column\" style=\"--awb-bg-size:cover;--awb-width-large:100%;--awb-margin-top-large:0px;--awb-spacing-right-large:0px;--awb-margin-bottom-large:0px;--awb-spacing-left-large:0px;--awb-width-medium:100%;--awb-order-medium:0;--awb-spacing-right-medium:0px;--awb-spacing-left-medium:0px;--awb-width-small:100%;--awb-order-small:0;--awb-spacing-right-small:0px;--awb-spacing-left-small:0px;\"><div class=\"fusion-column-wrapper fusion-column-has-shadow fusion-flex-justify-content-flex-start fusion-content-layout-column\"><div class=\"fusion-title title fusion-title-1 fusion-sep-none fusion-title-text fusion-title-size-two\" style=\"--awb-text-color:var(--awb-color8);\"><h2 class=\"fusion-title-heading title-heading-left fusion-responsive-typography-calculated\" style=\"margin:0;--fontSize:43;line-height:var(--awb-typography1-line-height);\">Vieux truc cherche nouvelle gloire<\/h2><\/div><div class=\"fusion-text fusion-text-1\"><h3><strong>Le mus\u00e9e r\u00e9gional d\u00e9collectionne. Invitation \u00e0 participer!<\/strong><\/h3>\n<p>Une collection de mus\u00e9e est en perp\u00e9tuel mouvement : Les biens culturels entrent dans les collections, mais ils en sortent aussi. Ces deux processus sont d&rsquo;une grande importance pour les mus\u00e9es. Le mus\u00e9e r\u00e9gional Ch\u00fcechlihus \u00e0 Langnau i.E. collectionne et conserve le patrimoine culturel de l&rsquo;Emmental. Mais au fil des ann\u00e9es, il a accumul\u00e9 des centaines d&rsquo;objets qui existent en plusieurs exemplaires ou qui sont incomplets. Il s&rsquo;agit notamment de fourches et de chaudi\u00e8res en bois, mais aussi de chemises d&rsquo;homme, de chariots \u00e0 \u00e9chelle, de valises, d&rsquo;outils et de bien d&rsquo;autres choses encore. L&rsquo;histoire de la plupart d&rsquo;entre eux n&rsquo;est pas document\u00e9e. Ces objets \u00e9taient donc susceptibles d&rsquo;\u00eatre d\u00e9sassembl\u00e9s &#8211; ce que l&rsquo;on appelle une d\u00e9saccession. Une d\u00e9saffectation que nous avons finalement r\u00e9alis\u00e9e \u00e0 trois reprises entre 2022 et 2024. Habituellement, un mus\u00e9e, ou plut\u00f4t son organisme responsable, d\u00e9cide lui-m\u00eame de sa collection. En tant qu&rsquo;institution publique, le mus\u00e9e r\u00e9gional Ch\u00fcechlihus a toutefois d\u00e9cid\u00e9 d&rsquo;impliquer les \u00ab\u00a0propri\u00e9taires\u00a0\u00bb effectifs de ce patrimoine culturel, les habitants de l&rsquo;Emmental, dans le processus et de contribuer ainsi \u00e0 une gestion responsable du patrimoine culturel r\u00e9gional. Nous avons donn\u00e9 aux habitants de l&rsquo;Emmental et aux ayants droit un droit de regard actif qui leur a permis d&rsquo;influencer le d\u00e9roulement et le r\u00e9sultat de nos collectes de 2022 \u00e0 2024. <\/p>\n<p><strong>Nous avons donc d\u00e9cid\u00e9 avec les habitants de l&rsquo;Emmental de ce qu&rsquo;il adviendrait des objets qui ne sont pas rest\u00e9s au mus\u00e9e.<\/strong><\/p>\n<p>En tant que lieu d&rsquo;\u00e9change et de rencontre r\u00e9gional, nous avons \u00e0 c\u0153ur, dans notre travail quotidien, de jeter des ponts : entre la collection du mus\u00e9e et la population, mais aussi entre le pass\u00e9 et le pr\u00e9sent &#8211; comme base pour un avenir commun. Le patrimoine culturel qui a quitt\u00e9 le mus\u00e9e a \u00e9t\u00e9 collect\u00e9 et conserv\u00e9 pendant des ann\u00e9es. Il appartient \u00e0 la population de l&rsquo;Emmental, car il vient d&rsquo;ici et refl\u00e8te l&rsquo;histoire de la r\u00e9gion. C&rsquo;est pourquoi tous les habitants de l&rsquo;Emmental ont eu leur mot \u00e0 dire.<\/p>\n<p><strong>Sur <a href=\"https:\/\/entsammeln.ch\/\" target=\"_blank\" rel=\"noopener\">ENTSAMMELN.CH<\/a>, vous pouvez suivre l&rsquo;ensemble du projet sous toutes ses facettes !<\/strong><\/p>\n<p>Le d\u00e9sherbage au mus\u00e9e r\u00e9gional Ch\u00fcechlihus est pour l&rsquo;instant termin\u00e9, mais il se poursuit n\u00e9anmoins &#8211; en tant que projet pilote. L&rsquo;ann\u00e9e prochaine, nous publierons une publication finale avec le soutien de la Fondation pour l&rsquo;art, la culture et l&rsquo;histoire (SKKG) et nous partagerons nos exp\u00e9riences lors de diff\u00e9rents congr\u00e8s internationaux. Gr\u00e2ce \u00e0 notre projet pionnier et \u00e0 notre approche participative, nous avons m\u00eame pu \u00e9veiller l&rsquo;int\u00e9r\u00eat de la r\u00e9alisatrice de documentaires Valeria Stucki, qui esquisse actuellement les premi\u00e8res \u00e9bauches d&rsquo;une r\u00e9alisation cin\u00e9matographique. Il est \u00e9galement r\u00e9jouissant de constater que nous avons d\u00e9j\u00e0 pu inspirer d&rsquo;autres mus\u00e9es \u00e0 nous imiter et \u00e0 faire preuve d&rsquo;audace, comme le montre l&rsquo;exemple <a href=\"https:\/\/aussortiert.ch\/\" target=\"_blank\" rel=\"noopener\">de AUSSORTIERT.CH<\/a> du Sust Museum Horgen. #AncienneD\u00e9pendanceNouvelle #DeakzessionWhaaaat ? #LearningFromLangnau (Apprendre de Langnau)<\/p>\n<\/div><\/div><\/div><\/div><\/div><\/div><\/p>\n","protected":false},"excerpt":{"rendered":"","protected":false},"author":1,"featured_media":10460,"parent":11082,"menu_order":0,"comment_status":"closed","ping_status":"closed","template":"","meta":{"_acf_changed":false,"footnotes":""},"class_list":["post-11094","page","type-page","status-publish","has-post-thumbnail","hentry"],"acf":[],"yoast_head":"<!-- This site is optimized with the Yoast SEO plugin v25.5 - https:\/\/yoast.com\/wordpress\/plugins\/seo\/ -->\n<title>D\u00e9collectionner - Regionalmuseum Ch\u00fcechlihus<\/title>\n<meta name=\"robots\" content=\"index, follow, max-snippet:-1, max-image-preview:large, max-video-preview:-1\" \/>\n<link rel=\"canonical\" href=\"https:\/\/regionalmuseum-langnau.ch\/fr\/actuel\/collecte\/\" \/>\n<meta property=\"og:locale\" content=\"fr_FR\" \/>\n<meta property=\"og:type\" content=\"article\" \/>\n<meta property=\"og:title\" content=\"D\u00e9collectionner - Regionalmuseum Ch\u00fcechlihus\" \/>\n<meta property=\"og:url\" content=\"https:\/\/regionalmuseum-langnau.ch\/fr\/actuel\/collecte\/\" \/>\n<meta property=\"og:site_name\" content=\"Regionalmuseum Ch\u00fcechlihus\" \/>\n<meta property=\"article:modified_time\" content=\"2025-01-03T09:10:46+00:00\" \/>\n<meta property=\"og:image\" content=\"https:\/\/regionalmuseum-langnau.ch\/wp-content\/uploads\/2023\/04\/Regionalmuseum-Chuechlihus-Projekt-Entsammeln-XI.jpg\" \/>\n\t<meta property=\"og:image:width\" content=\"1200\" \/>\n\t<meta property=\"og:image:height\" content=\"800\" \/>\n\t<meta property=\"og:image:type\" content=\"image\/jpeg\" \/>\n<meta name=\"twitter:card\" content=\"summary_large_image\" \/>\n<meta name=\"twitter:label1\" content=\"Dur\u00e9e de lecture estim\u00e9e\" \/>\n\t<meta name=\"twitter:data1\" content=\"11 minutes\" \/>\n<script type=\"application\/ld+json\" class=\"yoast-schema-graph\">{\"@context\":\"https:\/\/schema.org\",\"@graph\":[{\"@type\":\"WebPage\",\"@id\":\"https:\/\/regionalmuseum-langnau.ch\/fr\/actuel\/collecte\/\",\"url\":\"https:\/\/regionalmuseum-langnau.ch\/fr\/actuel\/collecte\/\",\"name\":\"D\u00e9collectionner - Regionalmuseum Ch\u00fcechlihus\",\"isPartOf\":{\"@id\":\"https:\/\/regionalmuseum-langnau.ch\/fr\/#website\"},\"primaryImageOfPage\":{\"@id\":\"https:\/\/regionalmuseum-langnau.ch\/fr\/actuel\/collecte\/#primaryimage\"},\"image\":{\"@id\":\"https:\/\/regionalmuseum-langnau.ch\/fr\/actuel\/collecte\/#primaryimage\"},\"thumbnailUrl\":\"https:\/\/regionalmuseum-langnau.ch\/wp-content\/uploads\/2023\/04\/Regionalmuseum-Chuechlihus-Projekt-Entsammeln-XI.jpg\",\"datePublished\":\"2023-02-15T12:53:13+00:00\",\"dateModified\":\"2025-01-03T09:10:46+00:00\",\"breadcrumb\":{\"@id\":\"https:\/\/regionalmuseum-langnau.ch\/fr\/actuel\/collecte\/#breadcrumb\"},\"inLanguage\":\"fr-FR\",\"potentialAction\":[{\"@type\":\"ReadAction\",\"target\":[\"https:\/\/regionalmuseum-langnau.ch\/fr\/actuel\/collecte\/\"]}]},{\"@type\":\"ImageObject\",\"inLanguage\":\"fr-FR\",\"@id\":\"https:\/\/regionalmuseum-langnau.ch\/fr\/actuel\/collecte\/#primaryimage\",\"url\":\"https:\/\/regionalmuseum-langnau.ch\/wp-content\/uploads\/2023\/04\/Regionalmuseum-Chuechlihus-Projekt-Entsammeln-XI.jpg\",\"contentUrl\":\"https:\/\/regionalmuseum-langnau.ch\/wp-content\/uploads\/2023\/04\/Regionalmuseum-Chuechlihus-Projekt-Entsammeln-XI.jpg\",\"width\":1200,\"height\":800},{\"@type\":\"BreadcrumbList\",\"@id\":\"https:\/\/regionalmuseum-langnau.ch\/fr\/actuel\/collecte\/#breadcrumb\",\"itemListElement\":[{\"@type\":\"ListItem\",\"position\":1,\"name\":\"Page d'accueil\",\"item\":\"https:\/\/regionalmuseum-langnau.ch\/fr\/musee-regional-chueechlihus\/\"},{\"@type\":\"ListItem\",\"position\":2,\"name\":\"Actualit\u00e9s\",\"item\":\"https:\/\/regionalmuseum-langnau.ch\/fr\/actuel\/\"},{\"@type\":\"ListItem\",\"position\":3,\"name\":\"D\u00e9collectionner\"}]},{\"@type\":\"WebSite\",\"@id\":\"https:\/\/regionalmuseum-langnau.ch\/fr\/#website\",\"url\":\"https:\/\/regionalmuseum-langnau.ch\/fr\/\",\"name\":\"Regionalmuseum Ch\u00fcechlihus\",\"description\":\"Das Emmental in einem Haus\",\"potentialAction\":[{\"@type\":\"SearchAction\",\"target\":{\"@type\":\"EntryPoint\",\"urlTemplate\":\"https:\/\/regionalmuseum-langnau.ch\/fr\/?s={search_term_string}\"},\"query-input\":{\"@type\":\"PropertyValueSpecification\",\"valueRequired\":true,\"valueName\":\"search_term_string\"}}],\"inLanguage\":\"fr-FR\"}]}<\/script>\n<!-- \/ Yoast SEO plugin. -->","yoast_head_json":{"title":"D\u00e9collectionner - Regionalmuseum Ch\u00fcechlihus","robots":{"index":"index","follow":"follow","max-snippet":"max-snippet:-1","max-image-preview":"max-image-preview:large","max-video-preview":"max-video-preview:-1"},"canonical":"https:\/\/regionalmuseum-langnau.ch\/fr\/actuel\/collecte\/","og_locale":"fr_FR","og_type":"article","og_title":"D\u00e9collectionner - Regionalmuseum Ch\u00fcechlihus","og_url":"https:\/\/regionalmuseum-langnau.ch\/fr\/actuel\/collecte\/","og_site_name":"Regionalmuseum Ch\u00fcechlihus","article_modified_time":"2025-01-03T09:10:46+00:00","og_image":[{"width":1200,"height":800,"url":"https:\/\/regionalmuseum-langnau.ch\/wp-content\/uploads\/2023\/04\/Regionalmuseum-Chuechlihus-Projekt-Entsammeln-XI.jpg","type":"image\/jpeg"}],"twitter_card":"summary_large_image","twitter_misc":{"Dur\u00e9e de lecture estim\u00e9e":"11 minutes"},"schema":{"@context":"https:\/\/schema.org","@graph":[{"@type":"WebPage","@id":"https:\/\/regionalmuseum-langnau.ch\/fr\/actuel\/collecte\/","url":"https:\/\/regionalmuseum-langnau.ch\/fr\/actuel\/collecte\/","name":"D\u00e9collectionner - Regionalmuseum Ch\u00fcechlihus","isPartOf":{"@id":"https:\/\/regionalmuseum-langnau.ch\/fr\/#website"},"primaryImageOfPage":{"@id":"https:\/\/regionalmuseum-langnau.ch\/fr\/actuel\/collecte\/#primaryimage"},"image":{"@id":"https:\/\/regionalmuseum-langnau.ch\/fr\/actuel\/collecte\/#primaryimage"},"thumbnailUrl":"https:\/\/regionalmuseum-langnau.ch\/wp-content\/uploads\/2023\/04\/Regionalmuseum-Chuechlihus-Projekt-Entsammeln-XI.jpg","datePublished":"2023-02-15T12:53:13+00:00","dateModified":"2025-01-03T09:10:46+00:00","breadcrumb":{"@id":"https:\/\/regionalmuseum-langnau.ch\/fr\/actuel\/collecte\/#breadcrumb"},"inLanguage":"fr-FR","potentialAction":[{"@type":"ReadAction","target":["https:\/\/regionalmuseum-langnau.ch\/fr\/actuel\/collecte\/"]}]},{"@type":"ImageObject","inLanguage":"fr-FR","@id":"https:\/\/regionalmuseum-langnau.ch\/fr\/actuel\/collecte\/#primaryimage","url":"https:\/\/regionalmuseum-langnau.ch\/wp-content\/uploads\/2023\/04\/Regionalmuseum-Chuechlihus-Projekt-Entsammeln-XI.jpg","contentUrl":"https:\/\/regionalmuseum-langnau.ch\/wp-content\/uploads\/2023\/04\/Regionalmuseum-Chuechlihus-Projekt-Entsammeln-XI.jpg","width":1200,"height":800},{"@type":"BreadcrumbList","@id":"https:\/\/regionalmuseum-langnau.ch\/fr\/actuel\/collecte\/#breadcrumb","itemListElement":[{"@type":"ListItem","position":1,"name":"Page d'accueil","item":"https:\/\/regionalmuseum-langnau.ch\/fr\/musee-regional-chueechlihus\/"},{"@type":"ListItem","position":2,"name":"Actualit\u00e9s","item":"https:\/\/regionalmuseum-langnau.ch\/fr\/actuel\/"},{"@type":"ListItem","position":3,"name":"D\u00e9collectionner"}]},{"@type":"WebSite","@id":"https:\/\/regionalmuseum-langnau.ch\/fr\/#website","url":"https:\/\/regionalmuseum-langnau.ch\/fr\/","name":"Regionalmuseum Ch\u00fcechlihus","description":"Das Emmental in einem Haus","potentialAction":[{"@type":"SearchAction","target":{"@type":"EntryPoint","urlTemplate":"https:\/\/regionalmuseum-langnau.ch\/fr\/?s={search_term_string}"},"query-input":{"@type":"PropertyValueSpecification","valueRequired":true,"valueName":"search_term_string"}}],"inLanguage":"fr-FR"}]}},"_links":{"self":[{"href":"https:\/\/regionalmuseum-langnau.ch\/fr\/wp-json\/wp\/v2\/pages\/11094","targetHints":{"allow":["GET"]}}],"collection":[{"href":"https:\/\/regionalmuseum-langnau.ch\/fr\/wp-json\/wp\/v2\/pages"}],"about":[{"href":"https:\/\/regionalmuseum-langnau.ch\/fr\/wp-json\/wp\/v2\/types\/page"}],"author":[{"embeddable":true,"href":"https:\/\/regionalmuseum-langnau.ch\/fr\/wp-json\/wp\/v2\/users\/1"}],"replies":[{"embeddable":true,"href":"https:\/\/regionalmuseum-langnau.ch\/fr\/wp-json\/wp\/v2\/comments?post=11094"}],"version-history":[{"count":0,"href":"https:\/\/regionalmuseum-langnau.ch\/fr\/wp-json\/wp\/v2\/pages\/11094\/revisions"}],"up":[{"embeddable":true,"href":"https:\/\/regionalmuseum-langnau.ch\/fr\/wp-json\/wp\/v2\/pages\/11082"}],"wp:featuredmedia":[{"embeddable":true,"href":"https:\/\/regionalmuseum-langnau.ch\/fr\/wp-json\/wp\/v2\/media\/10460"}],"wp:attachment":[{"href":"https:\/\/regionalmuseum-langnau.ch\/fr\/wp-json\/wp\/v2\/media?parent=11094"}],"curies":[{"name":"wp","href":"https:\/\/api.w.org\/{rel}","templated":true}]}}