{"id":11218,"date":"2023-02-15T13:01:37","date_gmt":"2023-02-15T13:01:37","guid":{"rendered":"https:\/\/regionalmuseum-langnau.ch\/offre-permanente\/exposition-permanente\/"},"modified":"2026-03-11T15:53:54","modified_gmt":"2026-03-11T15:53:54","slug":"exposition-permanente","status":"publish","type":"page","link":"https:\/\/regionalmuseum-langnau.ch\/fr\/offre-permanente\/exposition-permanente\/","title":{"rendered":"Exposition permanente"},"content":{"rendered":"<p><div id=\"titre\" class=\"fusion-container-anchor\"><div class=\"fusion-fullwidth fullwidth-box fusion-builder-row-1 fusion-flex-container has-pattern-background has-mask-background objekt_titel nonhundred-percent-fullwidth non-hundred-percent-height-scrolling\" style=\"--awb-border-radius-top-left:0px;--awb-border-radius-top-right:0px;--awb-border-radius-bottom-right:0px;--awb-border-radius-bottom-left:0px;--awb-background-color:var(--awb-color6);--awb-flex-wrap:wrap;\" ><div class=\"fusion-builder-row fusion-row fusion-flex-align-items-flex-start fusion-flex-content-wrap\" style=\"max-width:calc( 1200px + 0px );margin-left: calc(-0px \/ 2 );margin-right: calc(-0px \/ 2 );\"><div class=\"fusion-layout-column fusion_builder_column fusion-builder-column-0 fusion_builder_column_1_1 1_1 fusion-flex-column\" style=\"--awb-padding-right:6.5%;--awb-padding-left:6.5%;--awb-bg-size:cover;--awb-width-large:100%;--awb-margin-top-large:0px;--awb-spacing-right-large:0px;--awb-margin-bottom-large:0px;--awb-spacing-left-large:0px;--awb-width-medium:100%;--awb-order-medium:0;--awb-spacing-right-medium:0px;--awb-spacing-left-medium:0px;--awb-width-small:100%;--awb-order-small:0;--awb-spacing-right-small:0px;--awb-spacing-left-small:0px;\"><div class=\"fusion-column-wrapper fusion-column-has-shadow fusion-flex-justify-content-flex-start fusion-content-layout-column\"> <\/p>\n<h1>Exposition permanente<\/h1>\n<\/div><\/div><\/div><\/div><\/div><div id=\"titre\" class=\"fusion-container-anchor\"><div class=\"fusion-fullwidth fullwidth-box fusion-builder-row-2 fusion-flex-container has-pattern-background has-mask-background objekt_titel nonhundred-percent-fullwidth non-hundred-percent-height-scrolling\" style=\"--awb-border-radius-top-left:0px;--awb-border-radius-top-right:0px;--awb-border-radius-bottom-right:0px;--awb-border-radius-bottom-left:0px;--awb-padding-top:30px;--awb-flex-wrap:wrap;\" ><div class=\"fusion-builder-row fusion-row fusion-flex-align-items-flex-start fusion-flex-content-wrap\" style=\"max-width:calc( 1200px + 0px );margin-left: calc(-0px \/ 2 );margin-right: calc(-0px \/ 2 );\"><div class=\"fusion-layout-column fusion_builder_column fusion-builder-column-1 fusion_builder_column_1_1 1_1 fusion-flex-column\" style=\"--awb-padding-right:6.5%;--awb-padding-left:6.5%;--awb-bg-size:cover;--awb-width-large:100%;--awb-margin-top-large:0px;--awb-spacing-right-large:0px;--awb-margin-bottom-large:0px;--awb-spacing-left-large:0px;--awb-width-medium:100%;--awb-order-medium:0;--awb-spacing-right-medium:0px;--awb-spacing-left-medium:0px;--awb-width-small:100%;--awb-order-small:0;--awb-spacing-right-small:0px;--awb-spacing-left-small:0px;\"><div class=\"fusion-column-wrapper fusion-column-has-shadow fusion-flex-justify-content-flex-start fusion-content-layout-column\"><nav class=\"fusion-breadcrumbs awb-yoast-breadcrumbs fusion-breadcrumbs-1\" style=\"--awb-alignment:right;--awb-breadcrumb-sep:&#039;\/&#039;;text-align:right;\" aria-label=\"Breadcrumb\"><span><span><a href=\"https:\/\/regionalmuseum-langnau.ch\/fr\/musee-regional-chueechlihus\/\">Page d'accueil<\/a><\/span><\/span><\/nav><\/div><\/div><\/div><\/div><\/div>\n<div id=\"heures d&#039;ouverture\" class=\"fusion-container-anchor\"><div class=\"fusion-fullwidth fullwidth-box fusion-builder-row-3 fusion-flex-container has-pattern-background has-mask-background nonhundred-percent-fullwidth non-hundred-percent-height-scrolling\" style=\"--awb-border-radius-top-left:0px;--awb-border-radius-top-right:0px;--awb-border-radius-bottom-right:0px;--awb-border-radius-bottom-left:0px;--awb-padding-right:6.5%;--awb-padding-left:6.5%;--awb-margin-top:36px;--awb-margin-bottom:50px;--awb-flex-wrap:wrap;\" ><div class=\"fusion-builder-row fusion-row fusion-flex-align-items-flex-start fusion-flex-content-wrap\" style=\"max-width:calc( 1200px + 0px );margin-left: calc(-0px \/ 2 );margin-right: calc(-0px \/ 2 );\"><div class=\"fusion-layout-column fusion_builder_column fusion-builder-column-2 fusion_builder_column_1_1 1_1 fusion-flex-column\" style=\"--awb-bg-size:cover;--awb-width-large:100%;--awb-margin-top-large:0px;--awb-spacing-right-large:0px;--awb-margin-bottom-large:0px;--awb-spacing-left-large:0px;--awb-width-medium:100%;--awb-order-medium:0;--awb-spacing-right-medium:0px;--awb-spacing-left-medium:0px;--awb-width-small:100%;--awb-order-small:0;--awb-spacing-right-small:0px;--awb-spacing-left-small:0px;\"><div class=\"fusion-column-wrapper fusion-column-has-shadow fusion-flex-justify-content-flex-start fusion-content-layout-column\"><div class=\"fusion-title title fusion-title-1 fusion-sep-none fusion-title-text fusion-title-size-two\"><h2 class=\"fusion-title-heading title-heading-left fusion-responsive-typography-calculated\" style=\"margin:0;--fontSize:43;line-height:var(--awb-typography1-line-height);\"><\/h2><\/div><div class=\"fusion-text fusion-text-1\"><p>Aujourd&rsquo;hui, le mus\u00e9e r\u00e9gional offre aux petits et aux grands un aper\u00e7u vivant du patrimoine culturel de l&rsquo;Emmental, de la fromagerie d&rsquo;alpage au club de hockey sur glace \u00ab\u00a0SCL Tigers\u00a0\u00bb.<\/p>\n<p>Plongez dans l&rsquo;atmosph\u00e8re particuli\u00e8re du plus ancien b\u00e2timent en bois de la r\u00e9gion, conserv\u00e9 en grande partie dans son \u00e9tat d&rsquo;origine. D\u00e9couvrez le pass\u00e9 et le pr\u00e9sent de l&rsquo;Emmental : la vie quotidienne, le commerce et l&rsquo;artisanat. Rencontrez des personnalit\u00e9s importantes de la r\u00e9gion et participez au d\u00e9bat. L&rsquo;une des plus grandes et des plus importantes collections de c\u00e9ramiques de Langnau ainsi que de tonnellerie et de verre de Fl\u00fcehlig compl\u00e8tent l&rsquo;offre.<\/p>\n<p>Le mus\u00e9e comprend une exposition permanente vari\u00e9e et interactive en fran\u00e7ais, allemand et anglais, un format sp\u00e9cial sur des sujets d&rsquo;actualit\u00e9, une boutique de mus\u00e9e et un caf\u00e9 en libre-service. La petite cour avec son jardin paysan, la grande tonnelle et le foyer du mus\u00e9e invitent \u00e0 la d\u00e9tente et permettent d&rsquo;organiser des ap\u00e9ritifs ou des concerts. En outre, il existe des offres sp\u00e9ciales pour les enfants et les jeunes.<\/p>\n<\/div><div class=\"fusion-menu-anchor\" id=\"umbau\"><\/div><div class=\"fusion-title title fusion-title-2 fusion-sep-none fusion-title-text fusion-title-size-two\"><h2 class=\"fusion-title-heading title-heading-left fusion-responsive-typography-calculated\" style=\"margin:0;--fontSize:43;line-height:var(--awb-typography1-line-height);\">Transformation de l&rsquo;exposition permanente &amp; d\u00e9placement de l&rsquo;entr\u00e9e<\/h2><\/div><div class=\"fusion-text fusion-text-2\"><p>De l&rsquo;\u00e9t\u00e9 2024 \u00e0 l&rsquo;\u00e9t\u00e9 2025, une partie de l&rsquo;exposition permanente a \u00e9t\u00e9 redimensionn\u00e9e et agrandie par deux salles d&rsquo;intrusion, et l&rsquo;entr\u00e9e a \u00e9t\u00e9 d\u00e9plac\u00e9e du c\u00f4t\u00e9 du mus\u00e9e vers la fa\u00e7ade du mus\u00e9e. Afin d&rsquo;effectuer les travaux n\u00e9cessaires le plus rapidement possible, le mus\u00e9e est rest\u00e9 ferm\u00e9 pendant un mois. Le 7 septembre 2025, la premi\u00e8re ouverture partielle a pu \u00eatre c\u00e9l\u00e9br\u00e9e lors du Ch\u00fcechlihus-Sunndig.  <\/p>\n<p><a href=\"https:\/\/regionalmuseum-langnau.ch\/fr\/actuel\/exposition-permanente-2\/\" target=\"_blank\" rel=\"noopener\">Aper\u00e7u du projet de transformation<\/a><\/p>\n<\/div><div class=\"fusion-title title fusion-title-3 fusion-sep-none fusion-title-text fusion-title-size-two\"><h2 class=\"fusion-title-heading title-heading-left fusion-responsive-typography-calculated\" style=\"margin:0;--fontSize:43;line-height:var(--awb-typography1-line-height);\">Entre ancien et nouveau<\/h2><\/div><div class=\"fusion-text fusion-text-3\"><p>Apr\u00e8s les travaux de r\u00e9novation, le mus\u00e9e r\u00e9gional Ch\u00fcechlihus se pr\u00e9sente avec une nouvelle entr\u00e9e et deux salles d&rsquo;int\u00e9rieur qui permettent aux visiteurs de se plonger dans l&rsquo;Emmental d&rsquo;une mani\u00e8re nouvelle. Diff\u00e9rents m\u00e9dias sont d\u00e9sormais utilis\u00e9s, du film artistique aux installations sonores en passant par des objets qui racontent leur propre histoire.<\/p>\n<\/div><div class=\"fusion-text fusion-text-4\"><p><strong>Une nouvelle entr\u00e9e accueillante<\/strong><\/p>\n<p>L&rsquo;entr\u00e9e se trouve d\u00e9sormais sur la fa\u00e7ade du mus\u00e9e et donne directement acc\u00e8s aux salles r\u00e9am\u00e9nag\u00e9es. La Ch\u00fcechlihus accueille ses visiteurs avec plus d&rsquo;ouverture, d&rsquo;accessibilit\u00e9 et de clart\u00e9. Les visiteurs peuvent d\u00e9sormais d\u00e9couvrir une partie de l&rsquo;exposition gratuitement et sans obstacle.  <\/p>\n<p data-start=\"860\" data-end=\"903\"><strong>Salle 1 : Perspectives sur l&rsquo;Emmental<\/strong><\/p>\n<p data-start=\"904\" data-end=\"1363\">Une \u00eele avec des lieux, des objets et des personnalit\u00e9s donne un aper\u00e7u du pass\u00e9 et du pr\u00e9sent de la r\u00e9gion. Les visiteurs rencontrent des objets historiques ainsi que des personnes qui marquent l&rsquo;Emmental aujourd&rsquo;hui &#8211; de la footballeuse Lia W\u00e4lti au pionnier du snack Erdal H\u00fcseyin ou au temple Sri Vinayagar \u00e0 B\u00e4rau. Le mus\u00e9e r\u00e9gional Ch\u00fcechlihus fait ainsi plus de place aux th\u00e8mes actuels ainsi qu&rsquo;\u00e0 des sujets plus divers.<br data-start=\"1225\" data-end=\"1228\">Les objets racontent d\u00e9sormais leur histoire dans des reportages audio, ce qui rend m\u00eame une fondue toute pr\u00eate ou un palet de hockey sur glace vivants.  <\/p>\n<p data-start=\"1365\" data-end=\"1426\"><strong>Salle 2 : Le film \u00ab\u00a0Ds \u00c4mmitau i mim Hus\u00a0\u00bb.<\/strong><\/p>\n<p data-start=\"1427\" data-end=\"1706\">Dans la deuxi\u00e8me salle, la Ch\u00fcechlihus elle-m\u00eame vous emm\u00e8ne dans un voyage dans le temps \u00e0 travers ses 500 ans d&rsquo;histoire : du b\u00e2timent du march\u00e9 \u00e0 l&rsquo;entrep\u00f4t de fromage en passant par la poterie. Le film d&rsquo;introduction \u00ab\u00a0Ds \u00c4mmitau i mim Hus\u00a0\u00bb, mis en sc\u00e8ne de mani\u00e8re artistique, est la pi\u00e8ce ma\u00eetresse de la nouvelle exposition permanente.<br \/>\nLe r\u00e9cit associe des animations dessin\u00e9es \u00e0 la main, de la musique et des voix de la r\u00e9gion pour cr\u00e9er une \u0153uvre atmosph\u00e9rique qui fait revivre le pass\u00e9 et le pr\u00e9sent &#8211; tout en capturant le rayonnement unique de la maison. <\/p>\n<p data-start=\"1945\" data-end=\"2191\">En compl\u00e9ment, le projet sonore \u00ab\u00a0Comment sonne mon Emmental ?\u00a0\u00bb invite \u00e0 d\u00e9couvrir la r\u00e9gion avec les oreilles. Les sons envoy\u00e9s &#8211; \u00e0 la fois familiers et surprenants &#8211; s&rsquo;entrem\u00ealent pour former un portrait polyphonique de l&rsquo;Emmental. <\/p>\n<\/div><div class=\"fusion-title title fusion-title-4 fusion-sep-none fusion-title-text fusion-title-size-two\"><h2 class=\"fusion-title-heading title-heading-left fusion-responsive-typography-calculated\" style=\"margin:0;--fontSize:43;line-height:var(--awb-typography1-line-height);\">Visite virtuelle du mus\u00e9e<\/h2><\/div><div class=\"fusion-text fusion-text-5\"><p>Un coup d&rsquo;\u0153il en coulisses. D\u00e9couvrez \u00e0 quoi ressemblait le mus\u00e9e r\u00e9gional Ch\u00fcechlihus jusqu&rsquo;en 2020, gr\u00e2ce \u00e0 la visite virtuelle. <\/p>\n<p><a href=\"https:\/\/rundgang.regionalmuseum-langnau.ch\/\" target=\"_blank\" rel=\"noopener\">vers la visite guid\u00e9e<\/a><\/p>\n<p>Alors, avez-vous remarqu\u00e9 les changements ?<\/p>\n<\/div><\/div><\/div><\/div><\/div><\/div><\/p>\n","protected":false},"excerpt":{"rendered":"","protected":false},"author":1,"featured_media":17152,"parent":11086,"menu_order":0,"comment_status":"closed","ping_status":"closed","template":"","meta":{"_acf_changed":false,"footnotes":""},"class_list":["post-11218","page","type-page","status-publish","has-post-thumbnail","hentry"],"acf":[],"yoast_head":"<!-- This site is optimized with the Yoast SEO plugin v25.5 - https:\/\/yoast.com\/wordpress\/plugins\/seo\/ -->\n<title>Exposition permanente - Regionalmuseum Ch\u00fcechlihus<\/title>\n<meta name=\"robots\" content=\"index, follow, max-snippet:-1, max-image-preview:large, max-video-preview:-1\" \/>\n<link rel=\"canonical\" href=\"https:\/\/regionalmuseum-langnau.ch\/fr\/offre-permanente\/exposition-permanente\/\" \/>\n<meta property=\"og:locale\" content=\"fr_FR\" \/>\n<meta property=\"og:type\" content=\"article\" \/>\n<meta property=\"og:title\" content=\"Exposition permanente - Regionalmuseum Ch\u00fcechlihus\" \/>\n<meta property=\"og:url\" content=\"https:\/\/regionalmuseum-langnau.ch\/fr\/offre-permanente\/exposition-permanente\/\" \/>\n<meta property=\"og:site_name\" content=\"Regionalmuseum Ch\u00fcechlihus\" \/>\n<meta property=\"article:modified_time\" content=\"2026-03-11T15:53:54+00:00\" \/>\n<meta property=\"og:image\" content=\"https:\/\/regionalmuseum-langnau.ch\/wp-content\/uploads\/2025\/09\/2025_09_03-RMC-2025_Gwen-Moser-14-1.jpg\" \/>\n\t<meta property=\"og:image:width\" content=\"2300\" \/>\n\t<meta property=\"og:image:height\" content=\"1533\" \/>\n\t<meta property=\"og:image:type\" content=\"image\/jpeg\" \/>\n<meta name=\"twitter:card\" content=\"summary_large_image\" \/>\n<meta name=\"twitter:label1\" content=\"Dur\u00e9e de lecture estim\u00e9e\" \/>\n\t<meta name=\"twitter:data1\" content=\"17 minutes\" \/>\n<script type=\"application\/ld+json\" class=\"yoast-schema-graph\">{\"@context\":\"https:\/\/schema.org\",\"@graph\":[{\"@type\":\"WebPage\",\"@id\":\"https:\/\/regionalmuseum-langnau.ch\/fr\/offre-permanente\/exposition-permanente\/\",\"url\":\"https:\/\/regionalmuseum-langnau.ch\/fr\/offre-permanente\/exposition-permanente\/\",\"name\":\"Exposition permanente - Regionalmuseum Ch\u00fcechlihus\",\"isPartOf\":{\"@id\":\"https:\/\/regionalmuseum-langnau.ch\/fr\/#website\"},\"primaryImageOfPage\":{\"@id\":\"https:\/\/regionalmuseum-langnau.ch\/fr\/offre-permanente\/exposition-permanente\/#primaryimage\"},\"image\":{\"@id\":\"https:\/\/regionalmuseum-langnau.ch\/fr\/offre-permanente\/exposition-permanente\/#primaryimage\"},\"thumbnailUrl\":\"https:\/\/regionalmuseum-langnau.ch\/wp-content\/uploads\/2025\/09\/2025_09_03-RMC-2025_Gwen-Moser-14-1.jpg\",\"datePublished\":\"2023-02-15T13:01:37+00:00\",\"dateModified\":\"2026-03-11T15:53:54+00:00\",\"breadcrumb\":{\"@id\":\"https:\/\/regionalmuseum-langnau.ch\/fr\/offre-permanente\/exposition-permanente\/#breadcrumb\"},\"inLanguage\":\"fr-FR\",\"potentialAction\":[{\"@type\":\"ReadAction\",\"target\":[\"https:\/\/regionalmuseum-langnau.ch\/fr\/offre-permanente\/exposition-permanente\/\"]}]},{\"@type\":\"ImageObject\",\"inLanguage\":\"fr-FR\",\"@id\":\"https:\/\/regionalmuseum-langnau.ch\/fr\/offre-permanente\/exposition-permanente\/#primaryimage\",\"url\":\"https:\/\/regionalmuseum-langnau.ch\/wp-content\/uploads\/2025\/09\/2025_09_03-RMC-2025_Gwen-Moser-14-1.jpg\",\"contentUrl\":\"https:\/\/regionalmuseum-langnau.ch\/wp-content\/uploads\/2025\/09\/2025_09_03-RMC-2025_Gwen-Moser-14-1.jpg\",\"width\":2300,\"height\":1533},{\"@type\":\"BreadcrumbList\",\"@id\":\"https:\/\/regionalmuseum-langnau.ch\/fr\/offre-permanente\/exposition-permanente\/#breadcrumb\",\"itemListElement\":[{\"@type\":\"ListItem\",\"position\":1,\"name\":\"Page d'accueil\",\"item\":\"https:\/\/regionalmuseum-langnau.ch\/fr\/musee-regional-chueechlihus\/\"},{\"@type\":\"ListItem\",\"position\":2,\"name\":\"Offre permanente\",\"item\":\"https:\/\/regionalmuseum-langnau.ch\/fr\/offre-permanente\/\"},{\"@type\":\"ListItem\",\"position\":3,\"name\":\"Exposition permanente\"}]},{\"@type\":\"WebSite\",\"@id\":\"https:\/\/regionalmuseum-langnau.ch\/fr\/#website\",\"url\":\"https:\/\/regionalmuseum-langnau.ch\/fr\/\",\"name\":\"Regionalmuseum Ch\u00fcechlihus\",\"description\":\"Das Emmental in einem Haus\",\"potentialAction\":[{\"@type\":\"SearchAction\",\"target\":{\"@type\":\"EntryPoint\",\"urlTemplate\":\"https:\/\/regionalmuseum-langnau.ch\/fr\/?s={search_term_string}\"},\"query-input\":{\"@type\":\"PropertyValueSpecification\",\"valueRequired\":true,\"valueName\":\"search_term_string\"}}],\"inLanguage\":\"fr-FR\"}]}<\/script>\n<!-- \/ Yoast SEO plugin. -->","yoast_head_json":{"title":"Exposition permanente - Regionalmuseum Ch\u00fcechlihus","robots":{"index":"index","follow":"follow","max-snippet":"max-snippet:-1","max-image-preview":"max-image-preview:large","max-video-preview":"max-video-preview:-1"},"canonical":"https:\/\/regionalmuseum-langnau.ch\/fr\/offre-permanente\/exposition-permanente\/","og_locale":"fr_FR","og_type":"article","og_title":"Exposition permanente - Regionalmuseum Ch\u00fcechlihus","og_url":"https:\/\/regionalmuseum-langnau.ch\/fr\/offre-permanente\/exposition-permanente\/","og_site_name":"Regionalmuseum Ch\u00fcechlihus","article_modified_time":"2026-03-11T15:53:54+00:00","og_image":[{"width":2300,"height":1533,"url":"https:\/\/regionalmuseum-langnau.ch\/wp-content\/uploads\/2025\/09\/2025_09_03-RMC-2025_Gwen-Moser-14-1.jpg","type":"image\/jpeg"}],"twitter_card":"summary_large_image","twitter_misc":{"Dur\u00e9e de lecture estim\u00e9e":"17 minutes"},"schema":{"@context":"https:\/\/schema.org","@graph":[{"@type":"WebPage","@id":"https:\/\/regionalmuseum-langnau.ch\/fr\/offre-permanente\/exposition-permanente\/","url":"https:\/\/regionalmuseum-langnau.ch\/fr\/offre-permanente\/exposition-permanente\/","name":"Exposition permanente - Regionalmuseum Ch\u00fcechlihus","isPartOf":{"@id":"https:\/\/regionalmuseum-langnau.ch\/fr\/#website"},"primaryImageOfPage":{"@id":"https:\/\/regionalmuseum-langnau.ch\/fr\/offre-permanente\/exposition-permanente\/#primaryimage"},"image":{"@id":"https:\/\/regionalmuseum-langnau.ch\/fr\/offre-permanente\/exposition-permanente\/#primaryimage"},"thumbnailUrl":"https:\/\/regionalmuseum-langnau.ch\/wp-content\/uploads\/2025\/09\/2025_09_03-RMC-2025_Gwen-Moser-14-1.jpg","datePublished":"2023-02-15T13:01:37+00:00","dateModified":"2026-03-11T15:53:54+00:00","breadcrumb":{"@id":"https:\/\/regionalmuseum-langnau.ch\/fr\/offre-permanente\/exposition-permanente\/#breadcrumb"},"inLanguage":"fr-FR","potentialAction":[{"@type":"ReadAction","target":["https:\/\/regionalmuseum-langnau.ch\/fr\/offre-permanente\/exposition-permanente\/"]}]},{"@type":"ImageObject","inLanguage":"fr-FR","@id":"https:\/\/regionalmuseum-langnau.ch\/fr\/offre-permanente\/exposition-permanente\/#primaryimage","url":"https:\/\/regionalmuseum-langnau.ch\/wp-content\/uploads\/2025\/09\/2025_09_03-RMC-2025_Gwen-Moser-14-1.jpg","contentUrl":"https:\/\/regionalmuseum-langnau.ch\/wp-content\/uploads\/2025\/09\/2025_09_03-RMC-2025_Gwen-Moser-14-1.jpg","width":2300,"height":1533},{"@type":"BreadcrumbList","@id":"https:\/\/regionalmuseum-langnau.ch\/fr\/offre-permanente\/exposition-permanente\/#breadcrumb","itemListElement":[{"@type":"ListItem","position":1,"name":"Page d'accueil","item":"https:\/\/regionalmuseum-langnau.ch\/fr\/musee-regional-chueechlihus\/"},{"@type":"ListItem","position":2,"name":"Offre permanente","item":"https:\/\/regionalmuseum-langnau.ch\/fr\/offre-permanente\/"},{"@type":"ListItem","position":3,"name":"Exposition permanente"}]},{"@type":"WebSite","@id":"https:\/\/regionalmuseum-langnau.ch\/fr\/#website","url":"https:\/\/regionalmuseum-langnau.ch\/fr\/","name":"Regionalmuseum Ch\u00fcechlihus","description":"Das Emmental in einem Haus","potentialAction":[{"@type":"SearchAction","target":{"@type":"EntryPoint","urlTemplate":"https:\/\/regionalmuseum-langnau.ch\/fr\/?s={search_term_string}"},"query-input":{"@type":"PropertyValueSpecification","valueRequired":true,"valueName":"search_term_string"}}],"inLanguage":"fr-FR"}]}},"_links":{"self":[{"href":"https:\/\/regionalmuseum-langnau.ch\/fr\/wp-json\/wp\/v2\/pages\/11218","targetHints":{"allow":["GET"]}}],"collection":[{"href":"https:\/\/regionalmuseum-langnau.ch\/fr\/wp-json\/wp\/v2\/pages"}],"about":[{"href":"https:\/\/regionalmuseum-langnau.ch\/fr\/wp-json\/wp\/v2\/types\/page"}],"author":[{"embeddable":true,"href":"https:\/\/regionalmuseum-langnau.ch\/fr\/wp-json\/wp\/v2\/users\/1"}],"replies":[{"embeddable":true,"href":"https:\/\/regionalmuseum-langnau.ch\/fr\/wp-json\/wp\/v2\/comments?post=11218"}],"version-history":[{"count":13,"href":"https:\/\/regionalmuseum-langnau.ch\/fr\/wp-json\/wp\/v2\/pages\/11218\/revisions"}],"predecessor-version":[{"id":19808,"href":"https:\/\/regionalmuseum-langnau.ch\/fr\/wp-json\/wp\/v2\/pages\/11218\/revisions\/19808"}],"up":[{"embeddable":true,"href":"https:\/\/regionalmuseum-langnau.ch\/fr\/wp-json\/wp\/v2\/pages\/11086"}],"wp:featuredmedia":[{"embeddable":true,"href":"https:\/\/regionalmuseum-langnau.ch\/fr\/wp-json\/wp\/v2\/media\/17152"}],"wp:attachment":[{"href":"https:\/\/regionalmuseum-langnau.ch\/fr\/wp-json\/wp\/v2\/media?parent=11218"}],"curies":[{"name":"wp","href":"https:\/\/api.w.org\/{rel}","templated":true}]}}