{"id":11226,"date":"2023-02-15T12:59:32","date_gmt":"2023-02-15T12:59:32","guid":{"rendered":"https:\/\/regionalmuseum-langnau.ch\/actuel\/solidarite-en-temps-de-guerre\/"},"modified":"2024-04-16T13:22:27","modified_gmt":"2024-04-16T13:22:27","slug":"solidarite-en-temps-de-guerre","status":"publish","type":"page","link":"https:\/\/regionalmuseum-langnau.ch\/fr\/actuel\/solidarite-en-temps-de-guerre\/","title":{"rendered":"Solidarit\u00e9 en temps de guerre"},"content":{"rendered":"<p><div id=\"titre\" class=\"fusion-container-anchor\"><div class=\"fusion-fullwidth fullwidth-box fusion-builder-row-1 fusion-flex-container has-pattern-background has-mask-background objekt_titel nonhundred-percent-fullwidth non-hundred-percent-height-scrolling\" style=\"--awb-border-radius-top-left:0px;--awb-border-radius-top-right:0px;--awb-border-radius-bottom-right:0px;--awb-border-radius-bottom-left:0px;--awb-background-color:var(--awb-color5);--awb-flex-wrap:wrap;\" ><div class=\"fusion-builder-row fusion-row fusion-flex-align-items-flex-start fusion-flex-content-wrap\" style=\"max-width:calc( 1200px + 0px );margin-left: calc(-0px \/ 2 );margin-right: calc(-0px \/ 2 );\"><div class=\"fusion-layout-column fusion_builder_column fusion-builder-column-0 fusion_builder_column_1_1 1_1 fusion-flex-column\" style=\"--awb-padding-right:6.5%;--awb-padding-left:6.5%;--awb-bg-size:cover;--awb-width-large:100%;--awb-margin-top-large:0px;--awb-spacing-right-large:0px;--awb-margin-bottom-large:0px;--awb-spacing-left-large:0px;--awb-width-medium:100%;--awb-order-medium:0;--awb-spacing-right-medium:0px;--awb-spacing-left-medium:0px;--awb-width-small:100%;--awb-order-small:0;--awb-spacing-right-small:0px;--awb-spacing-left-small:0px;\"><div class=\"fusion-column-wrapper fusion-column-has-shadow fusion-flex-justify-content-flex-start fusion-content-layout-column\"> <h1>Solidarit\u00e9 en temps de guerre<\/h1><\/div><\/div><\/div><\/div><\/div><div id=\"titre\" class=\"fusion-container-anchor\"><div class=\"fusion-fullwidth fullwidth-box fusion-builder-row-2 fusion-flex-container has-pattern-background has-mask-background objekt_titel nonhundred-percent-fullwidth non-hundred-percent-height-scrolling\" style=\"--awb-border-radius-top-left:0px;--awb-border-radius-top-right:0px;--awb-border-radius-bottom-right:0px;--awb-border-radius-bottom-left:0px;--awb-padding-top:30px;--awb-flex-wrap:wrap;\" ><div class=\"fusion-builder-row fusion-row fusion-flex-align-items-flex-start fusion-flex-content-wrap\" style=\"max-width:calc( 1200px + 0px );margin-left: calc(-0px \/ 2 );margin-right: calc(-0px \/ 2 );\"><div class=\"fusion-layout-column fusion_builder_column fusion-builder-column-1 fusion_builder_column_1_1 1_1 fusion-flex-column\" style=\"--awb-padding-right:6.5%;--awb-padding-left:6.5%;--awb-bg-size:cover;--awb-width-large:100%;--awb-margin-top-large:0px;--awb-spacing-right-large:0px;--awb-margin-bottom-large:0px;--awb-spacing-left-large:0px;--awb-width-medium:100%;--awb-order-medium:0;--awb-spacing-right-medium:0px;--awb-spacing-left-medium:0px;--awb-width-small:100%;--awb-order-small:0;--awb-spacing-right-small:0px;--awb-spacing-left-small:0px;\"><div class=\"fusion-column-wrapper fusion-column-has-shadow fusion-flex-justify-content-flex-start fusion-content-layout-column\"><nav class=\"fusion-breadcrumbs awb-yoast-breadcrumbs fusion-breadcrumbs-1\" style=\"--awb-alignment:right;--awb-breadcrumb-sep:&#039;\/&#039;;text-align:right;\" aria-label=\"Breadcrumb\"><span><span><a href=\"https:\/\/regionalmuseum-langnau.ch\/fr\/musee-regional-chueechlihus\/\">Page d'accueil<\/a><\/span><\/span><\/nav><\/div><\/div><\/div><\/div><\/div>\n<div id=\"heures d&apos;ouverture\" class=\"fusion-container-anchor\"><div class=\"fusion-fullwidth fullwidth-box fusion-builder-row-3 fusion-flex-container has-pattern-background has-mask-background nonhundred-percent-fullwidth non-hundred-percent-height-scrolling\" style=\"--awb-border-radius-top-left:0px;--awb-border-radius-top-right:0px;--awb-border-radius-bottom-right:0px;--awb-border-radius-bottom-left:0px;--awb-padding-right:6.5%;--awb-padding-left:6.5%;--awb-margin-top:36px;--awb-margin-bottom:50px;--awb-flex-wrap:wrap;\" ><div class=\"fusion-builder-row fusion-row fusion-flex-align-items-flex-start fusion-flex-content-wrap\" style=\"max-width:calc( 1200px + 0px );margin-left: calc(-0px \/ 2 );margin-right: calc(-0px \/ 2 );\"><div class=\"fusion-layout-column fusion_builder_column fusion-builder-column-2 fusion_builder_column_1_1 1_1 fusion-flex-column\" style=\"--awb-bg-size:cover;--awb-width-large:100%;--awb-margin-top-large:0px;--awb-spacing-right-large:0px;--awb-margin-bottom-large:0px;--awb-spacing-left-large:0px;--awb-width-medium:100%;--awb-order-medium:0;--awb-spacing-right-medium:0px;--awb-spacing-left-medium:0px;--awb-width-small:100%;--awb-order-small:0;--awb-spacing-right-small:0px;--awb-spacing-left-small:0px;\"><div class=\"fusion-column-wrapper fusion-column-has-shadow fusion-flex-justify-content-flex-start fusion-content-layout-column\"><div class=\"fusion-title title fusion-title-1 fusion-sep-none fusion-title-text fusion-title-size-two\"><h2 class=\"fusion-title-heading title-heading-left fusion-responsive-typography-calculated\" style=\"margin:0;--fontSize:43;line-height:var(--awb-typography1-line-height);\">La solidarit\u00e9 en temps de guerre<\/h2><\/div><div class=\"fusion-text fusion-text-1\"><p><strong>Le mus\u00e9e r\u00e9gional Ch\u00fcechlihus se solidarise avec les personnes touch\u00e9es par la guerre<\/strong><\/p>\n<p>Que se passe-t-il lorsque tout ce que nous sommes &#8211; tout ce qui nous constitue &#8211; est soudainement mis en danger ?<br \/>\nQu&rsquo;advient-il de nous lorsque d&rsquo;autres sont en danger ?<br \/>\nEn tant que mus\u00e9e, <a href=\"https:\/\/www.museums.ch\/\" target=\"_blank\" rel=\"noopener\">membre de l&rsquo;association des mus\u00e9es suisses<\/a> et partenaire du <a href=\"https:\/\/www.museums.ch\/service\/icom\/\" target=\"_blank\" rel=\"noopener\">Conseil international des mus\u00e9es (ICOM)<\/a>, le mus\u00e9e r\u00e9gional Ch\u00fcechlihus se solidarise avec les personnes touch\u00e9es par la guerre.    <strong>Il s&rsquo;engage, dans la mesure de ses moyens, pour la protection du patrimoine culturel mat\u00e9riel et immat\u00e9riel et contre la destruction des identit\u00e9s culturelles et tente, par son travail, d&rsquo;aider \u00e0 mettre en perspective les \u00e9v\u00e9nements.<\/strong><\/p>\n<p><em>DONS<\/em><br \/>\nPour le d\u00e9but de la saison 2022  <strong>le mus\u00e9e a fait don de l&rsquo;int\u00e9gralit\u00e9 des recettes des entr\u00e9es du samedi et du dimanche,<br \/>\n19. et<br \/>\n20 mars 2022 : un total de 400.00 CHF  <\/strong>\u00e0 l&rsquo;organisation<a href=\"https:\/\/theblueshield.org\/\" target=\"_blank\" rel=\"noopener\">\u00ab\u00a0Blue Shield International\u00a0\u00bb<\/a>.<br \/>\nL&rsquo;ONG \u00ab\u00a0Blue Shield International\u00a0\u00bb est une organisation affili\u00e9e \u00e0 l&rsquo;UNESCO qui s&rsquo;engage pour la protection du patrimoine culturel mat\u00e9riel et immat\u00e9riel.<br \/>\nElle accorde une importance particuli\u00e8re \u00e0 la protection du patrimoine culturel dans les situations de conflit, de catastrophe et d&rsquo;urgence.  <\/p>\n<p><em>MUR DE SUPPORT<\/em><br \/>\nDe plus, le mus\u00e9e r\u00e9gional Ch\u00fcechlihus a install\u00e9 un mur dans son hall d&rsquo;entr\u00e9e pour que les visiteurs du mus\u00e9e puissent y afficher leurs pens\u00e9es, questions et d\u00e9clarations.<br \/>\nLe mus\u00e9e en reprendra une partie et en discutera par le biais de ses canaux en compagnie d&rsquo;experts.<br \/>\n#CultureContreGuerre #CultureAgainstWar #HeritageInDanger #TogetherForPeace<\/p>\n<\/div><\/div><\/div><\/div><\/div><\/div><\/p>\n","protected":false},"excerpt":{"rendered":"","protected":false},"author":1,"featured_media":9432,"parent":11082,"menu_order":0,"comment_status":"closed","ping_status":"closed","template":"","meta":{"_acf_changed":false,"footnotes":""},"class_list":["post-11226","page","type-page","status-publish","has-post-thumbnail","hentry"],"acf":[],"yoast_head":"<!-- This site is optimized with the Yoast SEO plugin v25.5 - https:\/\/yoast.com\/wordpress\/plugins\/seo\/ -->\n<title>Solidarit\u00e9 en temps de guerre - Regionalmuseum Ch\u00fcechlihus<\/title>\n<meta name=\"robots\" content=\"index, follow, max-snippet:-1, max-image-preview:large, max-video-preview:-1\" \/>\n<link rel=\"canonical\" href=\"https:\/\/regionalmuseum-langnau.ch\/fr\/actuel\/solidarite-en-temps-de-guerre\/\" \/>\n<meta property=\"og:locale\" content=\"fr_FR\" \/>\n<meta property=\"og:type\" content=\"article\" \/>\n<meta property=\"og:title\" content=\"Solidarit\u00e9 en temps de guerre - Regionalmuseum Ch\u00fcechlihus\" \/>\n<meta property=\"og:url\" content=\"https:\/\/regionalmuseum-langnau.ch\/fr\/actuel\/solidarite-en-temps-de-guerre\/\" \/>\n<meta property=\"og:site_name\" content=\"Regionalmuseum Ch\u00fcechlihus\" \/>\n<meta property=\"article:modified_time\" content=\"2024-04-16T13:22:27+00:00\" \/>\n<meta property=\"og:image\" content=\"https:\/\/regionalmuseum-langnau.ch\/wp-content\/uploads\/2023\/02\/Regionalmuseum-Chueechlihus-Peace-II-1024x484.png\" \/>\n\t<meta property=\"og:image:width\" content=\"1024\" \/>\n\t<meta property=\"og:image:height\" content=\"484\" \/>\n\t<meta property=\"og:image:type\" content=\"image\/png\" \/>\n<meta name=\"twitter:card\" content=\"summary_large_image\" \/>\n<meta name=\"twitter:label1\" content=\"Dur\u00e9e de lecture estim\u00e9e\" \/>\n\t<meta name=\"twitter:data1\" content=\"9 minutes\" \/>\n<script type=\"application\/ld+json\" class=\"yoast-schema-graph\">{\"@context\":\"https:\/\/schema.org\",\"@graph\":[{\"@type\":\"WebPage\",\"@id\":\"https:\/\/regionalmuseum-langnau.ch\/fr\/actuel\/solidarite-en-temps-de-guerre\/\",\"url\":\"https:\/\/regionalmuseum-langnau.ch\/fr\/actuel\/solidarite-en-temps-de-guerre\/\",\"name\":\"Solidarit\u00e9 en temps de guerre - Regionalmuseum Ch\u00fcechlihus\",\"isPartOf\":{\"@id\":\"https:\/\/regionalmuseum-langnau.ch\/fr\/#website\"},\"primaryImageOfPage\":{\"@id\":\"https:\/\/regionalmuseum-langnau.ch\/fr\/actuel\/solidarite-en-temps-de-guerre\/#primaryimage\"},\"image\":{\"@id\":\"https:\/\/regionalmuseum-langnau.ch\/fr\/actuel\/solidarite-en-temps-de-guerre\/#primaryimage\"},\"thumbnailUrl\":\"https:\/\/regionalmuseum-langnau.ch\/wp-content\/uploads\/2023\/02\/Regionalmuseum-Chueechlihus-Peace-II.png\",\"datePublished\":\"2023-02-15T12:59:32+00:00\",\"dateModified\":\"2024-04-16T13:22:27+00:00\",\"breadcrumb\":{\"@id\":\"https:\/\/regionalmuseum-langnau.ch\/fr\/actuel\/solidarite-en-temps-de-guerre\/#breadcrumb\"},\"inLanguage\":\"fr-FR\",\"potentialAction\":[{\"@type\":\"ReadAction\",\"target\":[\"https:\/\/regionalmuseum-langnau.ch\/fr\/actuel\/solidarite-en-temps-de-guerre\/\"]}]},{\"@type\":\"ImageObject\",\"inLanguage\":\"fr-FR\",\"@id\":\"https:\/\/regionalmuseum-langnau.ch\/fr\/actuel\/solidarite-en-temps-de-guerre\/#primaryimage\",\"url\":\"https:\/\/regionalmuseum-langnau.ch\/wp-content\/uploads\/2023\/02\/Regionalmuseum-Chueechlihus-Peace-II.png\",\"contentUrl\":\"https:\/\/regionalmuseum-langnau.ch\/wp-content\/uploads\/2023\/02\/Regionalmuseum-Chueechlihus-Peace-II.png\",\"width\":1920,\"height\":908},{\"@type\":\"BreadcrumbList\",\"@id\":\"https:\/\/regionalmuseum-langnau.ch\/fr\/actuel\/solidarite-en-temps-de-guerre\/#breadcrumb\",\"itemListElement\":[{\"@type\":\"ListItem\",\"position\":1,\"name\":\"Page d'accueil\",\"item\":\"https:\/\/regionalmuseum-langnau.ch\/fr\/musee-regional-chueechlihus\/\"},{\"@type\":\"ListItem\",\"position\":2,\"name\":\"Actualit\u00e9s\",\"item\":\"https:\/\/regionalmuseum-langnau.ch\/fr\/actuel\/\"},{\"@type\":\"ListItem\",\"position\":3,\"name\":\"Solidarit\u00e9 en temps de guerre\"}]},{\"@type\":\"WebSite\",\"@id\":\"https:\/\/regionalmuseum-langnau.ch\/fr\/#website\",\"url\":\"https:\/\/regionalmuseum-langnau.ch\/fr\/\",\"name\":\"Regionalmuseum Ch\u00fcechlihus\",\"description\":\"Das Emmental in einem Haus\",\"potentialAction\":[{\"@type\":\"SearchAction\",\"target\":{\"@type\":\"EntryPoint\",\"urlTemplate\":\"https:\/\/regionalmuseum-langnau.ch\/fr\/?s={search_term_string}\"},\"query-input\":{\"@type\":\"PropertyValueSpecification\",\"valueRequired\":true,\"valueName\":\"search_term_string\"}}],\"inLanguage\":\"fr-FR\"}]}<\/script>\n<!-- \/ Yoast SEO plugin. -->","yoast_head_json":{"title":"Solidarit\u00e9 en temps de guerre - Regionalmuseum Ch\u00fcechlihus","robots":{"index":"index","follow":"follow","max-snippet":"max-snippet:-1","max-image-preview":"max-image-preview:large","max-video-preview":"max-video-preview:-1"},"canonical":"https:\/\/regionalmuseum-langnau.ch\/fr\/actuel\/solidarite-en-temps-de-guerre\/","og_locale":"fr_FR","og_type":"article","og_title":"Solidarit\u00e9 en temps de guerre - Regionalmuseum Ch\u00fcechlihus","og_url":"https:\/\/regionalmuseum-langnau.ch\/fr\/actuel\/solidarite-en-temps-de-guerre\/","og_site_name":"Regionalmuseum Ch\u00fcechlihus","article_modified_time":"2024-04-16T13:22:27+00:00","og_image":[{"width":1024,"height":484,"url":"https:\/\/regionalmuseum-langnau.ch\/wp-content\/uploads\/2023\/02\/Regionalmuseum-Chueechlihus-Peace-II-1024x484.png","type":"image\/png"}],"twitter_card":"summary_large_image","twitter_misc":{"Dur\u00e9e de lecture estim\u00e9e":"9 minutes"},"schema":{"@context":"https:\/\/schema.org","@graph":[{"@type":"WebPage","@id":"https:\/\/regionalmuseum-langnau.ch\/fr\/actuel\/solidarite-en-temps-de-guerre\/","url":"https:\/\/regionalmuseum-langnau.ch\/fr\/actuel\/solidarite-en-temps-de-guerre\/","name":"Solidarit\u00e9 en temps de guerre - Regionalmuseum Ch\u00fcechlihus","isPartOf":{"@id":"https:\/\/regionalmuseum-langnau.ch\/fr\/#website"},"primaryImageOfPage":{"@id":"https:\/\/regionalmuseum-langnau.ch\/fr\/actuel\/solidarite-en-temps-de-guerre\/#primaryimage"},"image":{"@id":"https:\/\/regionalmuseum-langnau.ch\/fr\/actuel\/solidarite-en-temps-de-guerre\/#primaryimage"},"thumbnailUrl":"https:\/\/regionalmuseum-langnau.ch\/wp-content\/uploads\/2023\/02\/Regionalmuseum-Chueechlihus-Peace-II.png","datePublished":"2023-02-15T12:59:32+00:00","dateModified":"2024-04-16T13:22:27+00:00","breadcrumb":{"@id":"https:\/\/regionalmuseum-langnau.ch\/fr\/actuel\/solidarite-en-temps-de-guerre\/#breadcrumb"},"inLanguage":"fr-FR","potentialAction":[{"@type":"ReadAction","target":["https:\/\/regionalmuseum-langnau.ch\/fr\/actuel\/solidarite-en-temps-de-guerre\/"]}]},{"@type":"ImageObject","inLanguage":"fr-FR","@id":"https:\/\/regionalmuseum-langnau.ch\/fr\/actuel\/solidarite-en-temps-de-guerre\/#primaryimage","url":"https:\/\/regionalmuseum-langnau.ch\/wp-content\/uploads\/2023\/02\/Regionalmuseum-Chueechlihus-Peace-II.png","contentUrl":"https:\/\/regionalmuseum-langnau.ch\/wp-content\/uploads\/2023\/02\/Regionalmuseum-Chueechlihus-Peace-II.png","width":1920,"height":908},{"@type":"BreadcrumbList","@id":"https:\/\/regionalmuseum-langnau.ch\/fr\/actuel\/solidarite-en-temps-de-guerre\/#breadcrumb","itemListElement":[{"@type":"ListItem","position":1,"name":"Page d'accueil","item":"https:\/\/regionalmuseum-langnau.ch\/fr\/musee-regional-chueechlihus\/"},{"@type":"ListItem","position":2,"name":"Actualit\u00e9s","item":"https:\/\/regionalmuseum-langnau.ch\/fr\/actuel\/"},{"@type":"ListItem","position":3,"name":"Solidarit\u00e9 en temps de guerre"}]},{"@type":"WebSite","@id":"https:\/\/regionalmuseum-langnau.ch\/fr\/#website","url":"https:\/\/regionalmuseum-langnau.ch\/fr\/","name":"Regionalmuseum Ch\u00fcechlihus","description":"Das Emmental in einem Haus","potentialAction":[{"@type":"SearchAction","target":{"@type":"EntryPoint","urlTemplate":"https:\/\/regionalmuseum-langnau.ch\/fr\/?s={search_term_string}"},"query-input":{"@type":"PropertyValueSpecification","valueRequired":true,"valueName":"search_term_string"}}],"inLanguage":"fr-FR"}]}},"_links":{"self":[{"href":"https:\/\/regionalmuseum-langnau.ch\/fr\/wp-json\/wp\/v2\/pages\/11226","targetHints":{"allow":["GET"]}}],"collection":[{"href":"https:\/\/regionalmuseum-langnau.ch\/fr\/wp-json\/wp\/v2\/pages"}],"about":[{"href":"https:\/\/regionalmuseum-langnau.ch\/fr\/wp-json\/wp\/v2\/types\/page"}],"author":[{"embeddable":true,"href":"https:\/\/regionalmuseum-langnau.ch\/fr\/wp-json\/wp\/v2\/users\/1"}],"replies":[{"embeddable":true,"href":"https:\/\/regionalmuseum-langnau.ch\/fr\/wp-json\/wp\/v2\/comments?post=11226"}],"version-history":[{"count":0,"href":"https:\/\/regionalmuseum-langnau.ch\/fr\/wp-json\/wp\/v2\/pages\/11226\/revisions"}],"up":[{"embeddable":true,"href":"https:\/\/regionalmuseum-langnau.ch\/fr\/wp-json\/wp\/v2\/pages\/11082"}],"wp:featuredmedia":[{"embeddable":true,"href":"https:\/\/regionalmuseum-langnau.ch\/fr\/wp-json\/wp\/v2\/media\/9432"}],"wp:attachment":[{"href":"https:\/\/regionalmuseum-langnau.ch\/fr\/wp-json\/wp\/v2\/media?parent=11226"}],"curies":[{"name":"wp","href":"https:\/\/api.w.org\/{rel}","templated":true}]}}