{"id":11228,"date":"2023-02-15T13:03:26","date_gmt":"2023-02-15T13:03:26","guid":{"rendered":"https:\/\/regionalmuseum-langnau.ch\/offre-permanente\/visites-guidees\/"},"modified":"2025-11-20T07:07:26","modified_gmt":"2025-11-20T07:07:26","slug":"visites-guidees","status":"publish","type":"page","link":"https:\/\/regionalmuseum-langnau.ch\/fr\/offre-permanente\/visites-guidees\/","title":{"rendered":"Visites guid\u00e9es &amp; offres combin\u00e9es"},"content":{"rendered":"<p><div id=\"titre\" class=\"fusion-container-anchor\"><div class=\"fusion-fullwidth fullwidth-box fusion-builder-row-1 fusion-flex-container has-pattern-background has-mask-background objekt_titel nonhundred-percent-fullwidth non-hundred-percent-height-scrolling\" style=\"--awb-border-radius-top-left:0px;--awb-border-radius-top-right:0px;--awb-border-radius-bottom-right:0px;--awb-border-radius-bottom-left:0px;--awb-background-color:var(--awb-color6);--awb-flex-wrap:wrap;\" ><div class=\"fusion-builder-row fusion-row fusion-flex-align-items-flex-start fusion-flex-content-wrap\" style=\"max-width:calc( 1200px + 0px );margin-left: calc(-0px \/ 2 );margin-right: calc(-0px \/ 2 );\"><div class=\"fusion-layout-column fusion_builder_column fusion-builder-column-0 fusion_builder_column_1_1 1_1 fusion-flex-column\" style=\"--awb-padding-right:6.5%;--awb-padding-left:6.5%;--awb-bg-size:cover;--awb-width-large:100%;--awb-margin-top-large:0px;--awb-spacing-right-large:0px;--awb-margin-bottom-large:0px;--awb-spacing-left-large:0px;--awb-width-medium:100%;--awb-order-medium:0;--awb-spacing-right-medium:0px;--awb-spacing-left-medium:0px;--awb-width-small:100%;--awb-order-small:0;--awb-spacing-right-small:0px;--awb-spacing-left-small:0px;\"><div class=\"fusion-column-wrapper fusion-column-has-shadow fusion-flex-justify-content-flex-start fusion-content-layout-column\"> <\/p>\n<h1>Visites guid\u00e9es &amp; offres combin\u00e9es<\/h1>\n<\/div><\/div><\/div><\/div><\/div><div id=\"titre\" class=\"fusion-container-anchor\"><div class=\"fusion-fullwidth fullwidth-box fusion-builder-row-2 fusion-flex-container has-pattern-background has-mask-background objekt_titel nonhundred-percent-fullwidth non-hundred-percent-height-scrolling\" style=\"--awb-border-radius-top-left:0px;--awb-border-radius-top-right:0px;--awb-border-radius-bottom-right:0px;--awb-border-radius-bottom-left:0px;--awb-padding-top:30px;--awb-flex-wrap:wrap;\" ><div class=\"fusion-builder-row fusion-row fusion-flex-align-items-flex-start fusion-flex-content-wrap\" style=\"max-width:calc( 1200px + 0px );margin-left: calc(-0px \/ 2 );margin-right: calc(-0px \/ 2 );\"><div class=\"fusion-layout-column fusion_builder_column fusion-builder-column-1 fusion_builder_column_1_1 1_1 fusion-flex-column\" style=\"--awb-padding-right:6.5%;--awb-padding-left:6.5%;--awb-bg-size:cover;--awb-width-large:100%;--awb-margin-top-large:0px;--awb-spacing-right-large:0px;--awb-margin-bottom-large:0px;--awb-spacing-left-large:0px;--awb-width-medium:100%;--awb-order-medium:0;--awb-spacing-right-medium:0px;--awb-spacing-left-medium:0px;--awb-width-small:100%;--awb-order-small:0;--awb-spacing-right-small:0px;--awb-spacing-left-small:0px;\"><div class=\"fusion-column-wrapper fusion-column-has-shadow fusion-flex-justify-content-flex-start fusion-content-layout-column\"><nav class=\"fusion-breadcrumbs awb-yoast-breadcrumbs fusion-breadcrumbs-1\" style=\"--awb-alignment:right;--awb-breadcrumb-sep:&#039;\/&#039;;text-align:right;\" aria-label=\"Breadcrumb\"><span><span><a href=\"https:\/\/regionalmuseum-langnau.ch\/fr\/musee-regional-chueechlihus\/\">Page d'accueil<\/a><\/span><\/span><\/nav><\/div><\/div><\/div><\/div><\/div>\n<div id=\"heures d&#039;ouverture\" class=\"fusion-container-anchor\"><div class=\"fusion-fullwidth fullwidth-box fusion-builder-row-3 fusion-flex-container has-pattern-background has-mask-background nonhundred-percent-fullwidth non-hundred-percent-height-scrolling\" style=\"--awb-border-radius-top-left:0px;--awb-border-radius-top-right:0px;--awb-border-radius-bottom-right:0px;--awb-border-radius-bottom-left:0px;--awb-padding-right:6.5%;--awb-padding-left:6.5%;--awb-margin-top:36px;--awb-margin-bottom:50px;--awb-flex-wrap:wrap;\" ><div class=\"fusion-builder-row fusion-row fusion-flex-align-items-flex-start fusion-flex-content-wrap\" style=\"max-width:calc( 1200px + 0px );margin-left: calc(-0px \/ 2 );margin-right: calc(-0px \/ 2 );\"><div class=\"fusion-layout-column fusion_builder_column fusion-builder-column-2 fusion_builder_column_1_1 1_1 fusion-flex-column\" style=\"--awb-bg-size:cover;--awb-width-large:100%;--awb-margin-top-large:0px;--awb-spacing-right-large:0px;--awb-margin-bottom-large:0px;--awb-spacing-left-large:0px;--awb-width-medium:100%;--awb-order-medium:0;--awb-spacing-right-medium:0px;--awb-spacing-left-medium:0px;--awb-width-small:100%;--awb-order-small:0;--awb-spacing-right-small:0px;--awb-spacing-left-small:0px;\"><div class=\"fusion-column-wrapper fusion-column-has-shadow fusion-flex-justify-content-flex-start fusion-content-layout-column\"><div class=\"fusion-title title fusion-title-1 fusion-sep-none fusion-title-text fusion-title-size-two\"><h2 class=\"fusion-title-heading title-heading-left fusion-responsive-typography-calculated\" style=\"margin:0;--fontSize:43;line-height:var(--awb-typography1-line-height);\">Visites guid\u00e9es du mus\u00e9e<\/h2><\/div><div class=\"fusion-text fusion-text-1\"><p>Visites guid\u00e9es en fran\u00e7ais, allemand et anglais, d&rsquo;une dur\u00e9e d&rsquo;environ 1 heure ou 1 heure et demie, pour des groupes jusqu&rsquo;\u00e0 20 personnes :<strong><br \/>\nLors de votre demande, nous vous informons volontiers sur les dispositions actuelles et nos mesures de protection.<\/strong><\/p>\n<p>Pour les groupes plus importants ou pour se faire une premi\u00e8re impression, nous recommandons une introduction d&rsquo;environ 15 minutes.<br \/>\nUne personne de r\u00e9f\u00e9rence est pr\u00e9sente au mus\u00e9e.<\/p>\n<p>Inscription au moins deux semaines \u00e0 l&rsquo;avance.<\/p>\n<p>Vous trouverez de plus amples informations sous <strong><a href=\"https:\/\/regionalmuseum-langnau.ch\/fr\/visite\/\">Offres et prix<\/a>.<br \/>\n<\/strong>Vous trouverez des offres pour les \u00e9coles <a href=\"https:\/\/regionalmuseum-langnau.ch\/fr\/offre-permanente\/offres-pour-les-ecoles\/\" target=\"_blank\" rel=\"noopener\">ici<\/a>.<\/p>\n<\/div><div class=\"fusion-title title fusion-title-2 fusion-sep-none fusion-title-text fusion-title-size-two\"><h2 class=\"fusion-title-heading title-heading-left fusion-responsive-typography-calculated\" style=\"margin:0;--fontSize:43;line-height:var(--awb-typography1-line-height);\">Visites guid\u00e9es du village<\/h2><\/div><div class=\"fusion-text fusion-text-2\"><h3>Visite de Langnau<\/h3>\n<p>Langnau, en tant que centre du Haut-Emmental, pr\u00e9sente une urbanisation tr\u00e8s h\u00e9t\u00e9rog\u00e8ne. D\u00e8s 1900, l&rsquo;urbanisation a commenc\u00e9 et le village, auparavant rural, a pris un visage de plus en plus diversifi\u00e9.<br \/>\nEn se promenant dans Langnau avec les yeux ouverts, on d\u00e9couvre une incroyable profusion de maisons magnifiques, de formes extraordinaires et de jolis d\u00e9tails. Une visite guid\u00e9e vous permettra de d\u00e9couvrir l&rsquo;histoire de la construction, le pass\u00e9 et le d\u00e9veloppement du village.<\/p>\n<p>Nous proposons des visites guid\u00e9es du village en allemand, fran\u00e7ais, anglais et italien.<br \/>\nDur\u00e9e environ 1 heure et demie, pour des groupes jusqu&rsquo;\u00e0 20 personnes.<br \/>\nInscription au moins deux semaines \u00e0 l&rsquo;avance.<\/p>\n<p>Pour plus d&rsquo;informations, consultez les <strong><a href=\"https:\/\/regionalmuseum-langnau.ch\/fr\/visite\/\">offres et les prix<\/a>.<br \/>\n<\/strong>Vous trouverez des offres pour les \u00e9coles <a href=\"https:\/\/regionalmuseum-langnau.ch\/fr\/offre-permanente\/offres-pour-les-ecoles\/\" target=\"_blank\" rel=\"noopener\">ici<\/a>.<\/p>\n<\/div><div class=\"fusion-title title fusion-title-3 fusion-sep-none fusion-title-text fusion-title-size-two\"><h2 class=\"fusion-title-heading title-heading-left fusion-responsive-typography-calculated\" style=\"margin:0;--fontSize:43;line-height:var(--awb-typography1-line-height);\">Visites guid\u00e9es publiques<\/h2><\/div><div class=\"fusion-text fusion-text-3\"><h3>Visite du mus\u00e9e r\u00e9gional ou du village<\/h3>\n<p>Des visites guid\u00e9es publiques sont organis\u00e9es pendant la haute saison.<\/p>\n<p>Pour plus d&rsquo;informations, consultez la rubrique <strong><a href=\"https:\/\/regionalmuseum-langnau.ch\/fr\/evenements\/\">\u00c9v\u00e9nements<\/a>.<\/strong><\/p>\n<\/div><\/div><\/div><\/div><\/div><\/div><div id=\"heures d&#039;ouverture\" class=\"fusion-container-anchor\"><div class=\"fusion-fullwidth fullwidth-box fusion-builder-row-4 fusion-flex-container has-pattern-background has-mask-background nonhundred-percent-fullwidth non-hundred-percent-height-scrolling\" style=\"--awb-border-radius-top-left:0px;--awb-border-radius-top-right:0px;--awb-border-radius-bottom-right:0px;--awb-border-radius-bottom-left:0px;--awb-padding-right:6.5%;--awb-padding-left:6.5%;--awb-margin-top:36px;--awb-margin-bottom:50px;--awb-flex-wrap:wrap;\" ><div class=\"fusion-builder-row fusion-row fusion-flex-align-items-flex-start fusion-flex-content-wrap\" style=\"max-width:calc( 1200px + 0px );margin-left: calc(-0px \/ 2 );margin-right: calc(-0px \/ 2 );\"><div class=\"fusion-layout-column fusion_builder_column fusion-builder-column-3 fusion_builder_column_1_1 1_1 fusion-flex-column\" style=\"--awb-bg-size:cover;--awb-width-large:100%;--awb-margin-top-large:0px;--awb-spacing-right-large:0px;--awb-margin-bottom-large:0px;--awb-spacing-left-large:0px;--awb-width-medium:100%;--awb-order-medium:0;--awb-spacing-right-medium:0px;--awb-spacing-left-medium:0px;--awb-width-small:100%;--awb-order-small:0;--awb-spacing-right-small:0px;--awb-spacing-left-small:0px;\"><div class=\"fusion-column-wrapper fusion-column-has-shadow fusion-flex-justify-content-flex-start fusion-content-layout-column\"><div class=\"fusion-title title fusion-title-4 fusion-sep-none fusion-title-text fusion-title-size-two\"><h2 class=\"fusion-title-heading title-heading-left fusion-responsive-typography-calculated\" style=\"margin:0;--fontSize:43;line-height:var(--awb-typography1-line-height);\">R\u00e9server une offre<\/h2><\/div><div class=\"fusion-text fusion-text-4\"><p>R\u00e9servez votre offre de MI-SO d\u00e8s maintenant !<br \/>\nCliquez ici pour acc\u00e9der au <a href=\"https:\/\/regionalmuseum-langnau.ch\/fr\/formulaire-de-reservation\/\" target=\"_blank\" rel=\"noopener\"><strong>Formulaire de r\u00e9servation<\/strong><\/a>.<\/p>\n<p>L&rsquo;\u00e9quipe de la Ch\u00fcechlihus se tient \u00e0 votre disposition pour tout renseignement compl\u00e9mentaire : <a title=\"T\u00e9l\u00e9phone Mus\u00e9e r\u00e9gional de Langnau\" href=\"tel:%2018%\">034 402 18 19 <\/a>\/ <a title=\"E-mail Mus\u00e9e r\u00e9gional de Langnau\" href=\"mailto:info@regionalmuseum-langnau.ch\">info@regionalmuseum-langnau.ch<\/a><\/p>\n<\/div><\/div><\/div><\/div><\/div><\/div>\n<div id=\"heures d&#039;ouverture\" class=\"fusion-container-anchor\"><div class=\"fusion-fullwidth fullwidth-box fusion-builder-row-5 fusion-flex-container has-pattern-background has-mask-background nonhundred-percent-fullwidth non-hundred-percent-height-scrolling\" style=\"--awb-border-radius-top-left:0px;--awb-border-radius-top-right:0px;--awb-border-radius-bottom-right:0px;--awb-border-radius-bottom-left:0px;--awb-padding-right:6.5%;--awb-padding-left:6.5%;--awb-margin-top:36px;--awb-margin-bottom:50px;--awb-flex-wrap:wrap;\" ><div class=\"fusion-builder-row fusion-row fusion-flex-align-items-flex-start fusion-flex-content-wrap\" style=\"max-width:calc( 1200px + 0px );margin-left: calc(-0px \/ 2 );margin-right: calc(-0px \/ 2 );\"><div class=\"fusion-layout-column fusion_builder_column fusion-builder-column-4 fusion_builder_column_1_1 1_1 fusion-flex-column\" style=\"--awb-bg-size:cover;--awb-width-large:100%;--awb-margin-top-large:0px;--awb-spacing-right-large:0px;--awb-margin-bottom-large:0px;--awb-spacing-left-large:0px;--awb-width-medium:100%;--awb-order-medium:0;--awb-spacing-right-medium:0px;--awb-spacing-left-medium:0px;--awb-width-small:100%;--awb-order-small:0;--awb-spacing-right-small:0px;--awb-spacing-left-small:0px;\"><div class=\"fusion-column-wrapper fusion-column-has-shadow fusion-flex-justify-content-flex-start fusion-content-layout-column\"><div class=\"fusion-menu-anchor\" id=\"kombi\"><\/div><div class=\"fusion-title title fusion-title-5 fusion-sep-none fusion-title-text fusion-title-size-two\"><h2 class=\"fusion-title-heading title-heading-left fusion-responsive-typography-calculated\" style=\"margin:0;--fontSize:43;line-height:var(--awb-typography1-line-height);\">Offres combin\u00e9es<\/h2><\/div><div class=\"fusion-text fusion-text-5\"><h3>Ch\u00fcechlihus et B\u00e4ren &#8211; r\u00e9gionalisme et art culinaire dans l&rsquo;Emmental<\/h3>\n<p>L&rsquo;Emmental n&rsquo;est pas seulement connu pour son paysage idyllique de collines et ses fermes fleuries, mais aussi pour ses traditions. Au cours de cette excursion, vous d\u00e9couvrirez les points forts culinaires de l&rsquo;Emmental, vous entrerez dans les coulisses de producteurs innovants et vous pourrez vivre le r\u00e9gionalisme de pr\u00e8s. <\/p>\n<ol>\n<li>Exp\u00e9rience Kambly, Trubschachen : D\u00e9couvrez les origines de la marque traditionnelle et percez le secret de l&rsquo;art de la p\u00e2tisserie.<\/li>\n<li>Gasthof B\u00e4ren, Ranfl\u00fch : dans cette jolie auberge de campagne, vous appr\u00e9cierez un bon repas, une belle ambiance et une chaleureuse hospitalit\u00e9 de l&rsquo;Emmental.<\/li>\n<li>Mus\u00e9e r\u00e9gional Ch\u00fcechlihus, Langnau : plongez dans l&rsquo;atmosph\u00e8re particuli\u00e8re du plus ancien b\u00e2timent en bois de la r\u00e9gion, conserv\u00e9 en grande partie dans son \u00e9tat d&rsquo;origine.<\/li>\n<\/ol>\n<p><em>Proposition de programme<\/em><br \/>\n10h00 Visite de l&rsquo;exp\u00e9rience Kambly, lieu d&rsquo;origine de la marque de biscuits la plus connue et la plus appr\u00e9ci\u00e9e de Suisse.<br \/>\n11h00 Transfert \u00e0 Ranfl\u00fch.<br \/>\n11h30 Un petit ap\u00e9ritif avec du vin suisse et des d\u00e9gustations de fromage et de charcuterie de la ferme vous attend \u00e0 l&rsquo;auberge B\u00e4ren de Ranfl\u00fch.<br \/>\n12.00 h Ensuite, nous vous servirons un d\u00e9licieux menu \u00e0 3 plats de l&rsquo;Emmental<br \/>\n14.00 h Transfert au mus\u00e9e r\u00e9gional Ch\u00fcechlihus \u00e0 Langnau<br \/>\n14.30 h Le mus\u00e9e r\u00e9gional Ch\u00fcechlihus vous accueille \u00e0 Langnau et vous pr\u00e9sente une courte introduction sur la vie et les activit\u00e9s dans l&rsquo;Emmental<br \/>\n16.00 h Retour \u00e0 la maison<\/p>\n<p>Prestations incluses<br \/>\n&#8211; Visite de l&rsquo;exp\u00e9rience Kambly \u00e0 Trubschachen.<br \/>\n&#8211; D\u00e9gustation d&rsquo;une centaine de biscuits Kambly diff\u00e9rents.<br \/>\n&#8211; Ap\u00e9ritif \u00ab\u00a0Emmentaler\u00a0\u00bb avec vin<br \/>\n&#8211; Repas de midi \u00e0 3 plats<br \/>\n&#8211; Visite du mus\u00e9e r\u00e9gional Ch\u00fcechlihus \u00e0 Langnau avec br\u00e8ve introduction<\/p>\n<p>R\u00e9servation : <a href=\"https:\/\/www.baeren-ranflueh.ch\/immer-oeppis-los\/erlebnisse-fuer-firmen-und-gruppen\">B\u00e4ren Ranfl\u00fch<\/a><\/p>\n<\/div><\/div><\/div><\/div><\/div><\/div><\/p>\n","protected":false},"excerpt":{"rendered":"","protected":false},"author":1,"featured_media":17177,"parent":11086,"menu_order":0,"comment_status":"closed","ping_status":"closed","template":"","meta":{"_acf_changed":false,"footnotes":""},"class_list":["post-11228","page","type-page","status-publish","has-post-thumbnail","hentry"],"acf":[],"yoast_head":"<!-- This site is optimized with the Yoast SEO plugin v25.5 - https:\/\/yoast.com\/wordpress\/plugins\/seo\/ -->\n<title>Visites guid\u00e9es &amp; offres combin\u00e9es - Regionalmuseum Ch\u00fcechlihus<\/title>\n<meta name=\"robots\" content=\"index, follow, max-snippet:-1, max-image-preview:large, max-video-preview:-1\" \/>\n<link rel=\"canonical\" href=\"https:\/\/regionalmuseum-langnau.ch\/fr\/offre-permanente\/visites-guidees\/\" \/>\n<meta property=\"og:locale\" content=\"fr_FR\" \/>\n<meta property=\"og:type\" content=\"article\" \/>\n<meta property=\"og:title\" content=\"Visites guid\u00e9es &amp; offres combin\u00e9es - Regionalmuseum Ch\u00fcechlihus\" \/>\n<meta property=\"og:url\" content=\"https:\/\/regionalmuseum-langnau.ch\/fr\/offre-permanente\/visites-guidees\/\" \/>\n<meta property=\"og:site_name\" content=\"Regionalmuseum Ch\u00fcechlihus\" \/>\n<meta property=\"article:modified_time\" content=\"2025-11-20T07:07:26+00:00\" \/>\n<meta property=\"og:image\" content=\"https:\/\/regionalmuseum-langnau.ch\/wp-content\/uploads\/2025\/09\/2025_09_03-RMC-2025_Gwen-Moser-8.jpg\" \/>\n\t<meta property=\"og:image:width\" content=\"2300\" \/>\n\t<meta property=\"og:image:height\" content=\"1690\" \/>\n\t<meta property=\"og:image:type\" content=\"image\/jpeg\" \/>\n<meta name=\"twitter:card\" content=\"summary_large_image\" \/>\n<meta name=\"twitter:label1\" content=\"Dur\u00e9e de lecture estim\u00e9e\" \/>\n\t<meta name=\"twitter:data1\" content=\"19 minutes\" \/>\n<script type=\"application\/ld+json\" class=\"yoast-schema-graph\">{\"@context\":\"https:\/\/schema.org\",\"@graph\":[{\"@type\":\"WebPage\",\"@id\":\"https:\/\/regionalmuseum-langnau.ch\/fr\/offre-permanente\/visites-guidees\/\",\"url\":\"https:\/\/regionalmuseum-langnau.ch\/fr\/offre-permanente\/visites-guidees\/\",\"name\":\"Visites guid\u00e9es &amp; offres combin\u00e9es - Regionalmuseum Ch\u00fcechlihus\",\"isPartOf\":{\"@id\":\"https:\/\/regionalmuseum-langnau.ch\/fr\/#website\"},\"primaryImageOfPage\":{\"@id\":\"https:\/\/regionalmuseum-langnau.ch\/fr\/offre-permanente\/visites-guidees\/#primaryimage\"},\"image\":{\"@id\":\"https:\/\/regionalmuseum-langnau.ch\/fr\/offre-permanente\/visites-guidees\/#primaryimage\"},\"thumbnailUrl\":\"https:\/\/regionalmuseum-langnau.ch\/wp-content\/uploads\/2025\/09\/2025_09_03-RMC-2025_Gwen-Moser-8.jpg\",\"datePublished\":\"2023-02-15T13:03:26+00:00\",\"dateModified\":\"2025-11-20T07:07:26+00:00\",\"breadcrumb\":{\"@id\":\"https:\/\/regionalmuseum-langnau.ch\/fr\/offre-permanente\/visites-guidees\/#breadcrumb\"},\"inLanguage\":\"fr-FR\",\"potentialAction\":[{\"@type\":\"ReadAction\",\"target\":[\"https:\/\/regionalmuseum-langnau.ch\/fr\/offre-permanente\/visites-guidees\/\"]}]},{\"@type\":\"ImageObject\",\"inLanguage\":\"fr-FR\",\"@id\":\"https:\/\/regionalmuseum-langnau.ch\/fr\/offre-permanente\/visites-guidees\/#primaryimage\",\"url\":\"https:\/\/regionalmuseum-langnau.ch\/wp-content\/uploads\/2025\/09\/2025_09_03-RMC-2025_Gwen-Moser-8.jpg\",\"contentUrl\":\"https:\/\/regionalmuseum-langnau.ch\/wp-content\/uploads\/2025\/09\/2025_09_03-RMC-2025_Gwen-Moser-8.jpg\",\"width\":2300,\"height\":1690},{\"@type\":\"BreadcrumbList\",\"@id\":\"https:\/\/regionalmuseum-langnau.ch\/fr\/offre-permanente\/visites-guidees\/#breadcrumb\",\"itemListElement\":[{\"@type\":\"ListItem\",\"position\":1,\"name\":\"Page d'accueil\",\"item\":\"https:\/\/regionalmuseum-langnau.ch\/fr\/musee-regional-chueechlihus\/\"},{\"@type\":\"ListItem\",\"position\":2,\"name\":\"Offre permanente\",\"item\":\"https:\/\/regionalmuseum-langnau.ch\/fr\/offre-permanente\/\"},{\"@type\":\"ListItem\",\"position\":3,\"name\":\"Visites guid\u00e9es &amp; offres combin\u00e9es\"}]},{\"@type\":\"WebSite\",\"@id\":\"https:\/\/regionalmuseum-langnau.ch\/fr\/#website\",\"url\":\"https:\/\/regionalmuseum-langnau.ch\/fr\/\",\"name\":\"Regionalmuseum Ch\u00fcechlihus\",\"description\":\"Das Emmental in einem Haus\",\"potentialAction\":[{\"@type\":\"SearchAction\",\"target\":{\"@type\":\"EntryPoint\",\"urlTemplate\":\"https:\/\/regionalmuseum-langnau.ch\/fr\/?s={search_term_string}\"},\"query-input\":{\"@type\":\"PropertyValueSpecification\",\"valueRequired\":true,\"valueName\":\"search_term_string\"}}],\"inLanguage\":\"fr-FR\"}]}<\/script>\n<!-- \/ Yoast SEO plugin. -->","yoast_head_json":{"title":"Visites guid\u00e9es &amp; offres combin\u00e9es - Regionalmuseum Ch\u00fcechlihus","robots":{"index":"index","follow":"follow","max-snippet":"max-snippet:-1","max-image-preview":"max-image-preview:large","max-video-preview":"max-video-preview:-1"},"canonical":"https:\/\/regionalmuseum-langnau.ch\/fr\/offre-permanente\/visites-guidees\/","og_locale":"fr_FR","og_type":"article","og_title":"Visites guid\u00e9es &amp; offres combin\u00e9es - Regionalmuseum Ch\u00fcechlihus","og_url":"https:\/\/regionalmuseum-langnau.ch\/fr\/offre-permanente\/visites-guidees\/","og_site_name":"Regionalmuseum Ch\u00fcechlihus","article_modified_time":"2025-11-20T07:07:26+00:00","og_image":[{"width":2300,"height":1690,"url":"https:\/\/regionalmuseum-langnau.ch\/wp-content\/uploads\/2025\/09\/2025_09_03-RMC-2025_Gwen-Moser-8.jpg","type":"image\/jpeg"}],"twitter_card":"summary_large_image","twitter_misc":{"Dur\u00e9e de lecture estim\u00e9e":"19 minutes"},"schema":{"@context":"https:\/\/schema.org","@graph":[{"@type":"WebPage","@id":"https:\/\/regionalmuseum-langnau.ch\/fr\/offre-permanente\/visites-guidees\/","url":"https:\/\/regionalmuseum-langnau.ch\/fr\/offre-permanente\/visites-guidees\/","name":"Visites guid\u00e9es &amp; offres combin\u00e9es - Regionalmuseum Ch\u00fcechlihus","isPartOf":{"@id":"https:\/\/regionalmuseum-langnau.ch\/fr\/#website"},"primaryImageOfPage":{"@id":"https:\/\/regionalmuseum-langnau.ch\/fr\/offre-permanente\/visites-guidees\/#primaryimage"},"image":{"@id":"https:\/\/regionalmuseum-langnau.ch\/fr\/offre-permanente\/visites-guidees\/#primaryimage"},"thumbnailUrl":"https:\/\/regionalmuseum-langnau.ch\/wp-content\/uploads\/2025\/09\/2025_09_03-RMC-2025_Gwen-Moser-8.jpg","datePublished":"2023-02-15T13:03:26+00:00","dateModified":"2025-11-20T07:07:26+00:00","breadcrumb":{"@id":"https:\/\/regionalmuseum-langnau.ch\/fr\/offre-permanente\/visites-guidees\/#breadcrumb"},"inLanguage":"fr-FR","potentialAction":[{"@type":"ReadAction","target":["https:\/\/regionalmuseum-langnau.ch\/fr\/offre-permanente\/visites-guidees\/"]}]},{"@type":"ImageObject","inLanguage":"fr-FR","@id":"https:\/\/regionalmuseum-langnau.ch\/fr\/offre-permanente\/visites-guidees\/#primaryimage","url":"https:\/\/regionalmuseum-langnau.ch\/wp-content\/uploads\/2025\/09\/2025_09_03-RMC-2025_Gwen-Moser-8.jpg","contentUrl":"https:\/\/regionalmuseum-langnau.ch\/wp-content\/uploads\/2025\/09\/2025_09_03-RMC-2025_Gwen-Moser-8.jpg","width":2300,"height":1690},{"@type":"BreadcrumbList","@id":"https:\/\/regionalmuseum-langnau.ch\/fr\/offre-permanente\/visites-guidees\/#breadcrumb","itemListElement":[{"@type":"ListItem","position":1,"name":"Page d'accueil","item":"https:\/\/regionalmuseum-langnau.ch\/fr\/musee-regional-chueechlihus\/"},{"@type":"ListItem","position":2,"name":"Offre permanente","item":"https:\/\/regionalmuseum-langnau.ch\/fr\/offre-permanente\/"},{"@type":"ListItem","position":3,"name":"Visites guid\u00e9es &amp; offres combin\u00e9es"}]},{"@type":"WebSite","@id":"https:\/\/regionalmuseum-langnau.ch\/fr\/#website","url":"https:\/\/regionalmuseum-langnau.ch\/fr\/","name":"Regionalmuseum Ch\u00fcechlihus","description":"Das Emmental in einem Haus","potentialAction":[{"@type":"SearchAction","target":{"@type":"EntryPoint","urlTemplate":"https:\/\/regionalmuseum-langnau.ch\/fr\/?s={search_term_string}"},"query-input":{"@type":"PropertyValueSpecification","valueRequired":true,"valueName":"search_term_string"}}],"inLanguage":"fr-FR"}]}},"_links":{"self":[{"href":"https:\/\/regionalmuseum-langnau.ch\/fr\/wp-json\/wp\/v2\/pages\/11228","targetHints":{"allow":["GET"]}}],"collection":[{"href":"https:\/\/regionalmuseum-langnau.ch\/fr\/wp-json\/wp\/v2\/pages"}],"about":[{"href":"https:\/\/regionalmuseum-langnau.ch\/fr\/wp-json\/wp\/v2\/types\/page"}],"author":[{"embeddable":true,"href":"https:\/\/regionalmuseum-langnau.ch\/fr\/wp-json\/wp\/v2\/users\/1"}],"replies":[{"embeddable":true,"href":"https:\/\/regionalmuseum-langnau.ch\/fr\/wp-json\/wp\/v2\/comments?post=11228"}],"version-history":[{"count":0,"href":"https:\/\/regionalmuseum-langnau.ch\/fr\/wp-json\/wp\/v2\/pages\/11228\/revisions"}],"up":[{"embeddable":true,"href":"https:\/\/regionalmuseum-langnau.ch\/fr\/wp-json\/wp\/v2\/pages\/11086"}],"wp:featuredmedia":[{"embeddable":true,"href":"https:\/\/regionalmuseum-langnau.ch\/fr\/wp-json\/wp\/v2\/media\/17177"}],"wp:attachment":[{"href":"https:\/\/regionalmuseum-langnau.ch\/fr\/wp-json\/wp\/v2\/media?parent=11228"}],"curies":[{"name":"wp","href":"https:\/\/api.w.org\/{rel}","templated":true}]}}