{"id":11286,"date":"2023-02-15T13:08:17","date_gmt":"2023-02-15T13:08:17","guid":{"rendered":"https:\/\/regionalmuseum-langnau.ch\/a-propos-de-nous\/chueechlihus\/"},"modified":"2025-01-08T07:44:57","modified_gmt":"2025-01-08T07:44:57","slug":"chueechlihus","status":"publish","type":"page","link":"https:\/\/regionalmuseum-langnau.ch\/fr\/a-propos-de-nous\/chueechlihus\/","title":{"rendered":"Ch\u00fcechlihus"},"content":{"rendered":"<p><div id=\"titre\" class=\"fusion-container-anchor\"><div class=\"fusion-fullwidth fullwidth-box fusion-builder-row-1 fusion-flex-container has-pattern-background has-mask-background objekt_titel nonhundred-percent-fullwidth non-hundred-percent-height-scrolling\" style=\"--awb-border-radius-top-left:0px;--awb-border-radius-top-right:0px;--awb-border-radius-bottom-right:0px;--awb-border-radius-bottom-left:0px;--awb-background-color:var(--awb-color4);--awb-flex-wrap:wrap;\" ><div class=\"fusion-builder-row fusion-row fusion-flex-align-items-flex-start fusion-flex-content-wrap\" style=\"max-width:calc( 1200px + 0px );margin-left: calc(-0px \/ 2 );margin-right: calc(-0px \/ 2 );\"><div class=\"fusion-layout-column fusion_builder_column fusion-builder-column-0 fusion_builder_column_1_1 1_1 fusion-flex-column\" style=\"--awb-padding-right:6.5%;--awb-padding-left:6.5%;--awb-bg-size:cover;--awb-width-large:100%;--awb-margin-top-large:0px;--awb-spacing-right-large:0px;--awb-margin-bottom-large:0px;--awb-spacing-left-large:0px;--awb-width-medium:100%;--awb-order-medium:0;--awb-spacing-right-medium:0px;--awb-spacing-left-medium:0px;--awb-width-small:100%;--awb-order-small:0;--awb-spacing-right-small:0px;--awb-spacing-left-small:0px;\"><div class=\"fusion-column-wrapper fusion-column-has-shadow fusion-flex-justify-content-flex-start fusion-content-layout-column\"> <h1>Ch\u00fcechlihus<\/h1><\/div><\/div><\/div><\/div><\/div><div id=\"titre\" class=\"fusion-container-anchor\"><div class=\"fusion-fullwidth fullwidth-box fusion-builder-row-2 fusion-flex-container has-pattern-background has-mask-background objekt_titel nonhundred-percent-fullwidth non-hundred-percent-height-scrolling\" style=\"--awb-border-radius-top-left:0px;--awb-border-radius-top-right:0px;--awb-border-radius-bottom-right:0px;--awb-border-radius-bottom-left:0px;--awb-padding-top:30px;--awb-flex-wrap:wrap;\" ><div class=\"fusion-builder-row fusion-row fusion-flex-align-items-flex-start fusion-flex-content-wrap\" style=\"max-width:calc( 1200px + 0px );margin-left: calc(-0px \/ 2 );margin-right: calc(-0px \/ 2 );\"><div class=\"fusion-layout-column fusion_builder_column fusion-builder-column-1 fusion_builder_column_1_1 1_1 fusion-flex-column\" style=\"--awb-padding-right:6.5%;--awb-padding-left:6.5%;--awb-bg-size:cover;--awb-width-large:100%;--awb-margin-top-large:0px;--awb-spacing-right-large:0px;--awb-margin-bottom-large:0px;--awb-spacing-left-large:0px;--awb-width-medium:100%;--awb-order-medium:0;--awb-spacing-right-medium:0px;--awb-spacing-left-medium:0px;--awb-width-small:100%;--awb-order-small:0;--awb-spacing-right-small:0px;--awb-spacing-left-small:0px;\"><div class=\"fusion-column-wrapper fusion-column-has-shadow fusion-flex-justify-content-flex-start fusion-content-layout-column\"><nav class=\"fusion-breadcrumbs awb-yoast-breadcrumbs fusion-breadcrumbs-1\" style=\"--awb-alignment:right;--awb-breadcrumb-sep:&#039;\/&#039;;text-align:right;\" aria-label=\"Breadcrumb\"><span><span><a href=\"https:\/\/regionalmuseum-langnau.ch\/fr\/musee-regional-chueechlihus\/\">Page d'accueil<\/a><\/span><\/span><\/nav><\/div><\/div><\/div><\/div><\/div>\n<div id=\"heures d&apos;ouverture\" class=\"fusion-container-anchor\"><div class=\"fusion-fullwidth fullwidth-box fusion-builder-row-3 fusion-flex-container has-pattern-background has-mask-background nonhundred-percent-fullwidth non-hundred-percent-height-scrolling\" style=\"--awb-border-radius-top-left:0px;--awb-border-radius-top-right:0px;--awb-border-radius-bottom-right:0px;--awb-border-radius-bottom-left:0px;--awb-padding-right:6.5%;--awb-padding-left:6.5%;--awb-margin-top:36px;--awb-margin-bottom:50px;--awb-flex-wrap:wrap;\" ><div class=\"fusion-builder-row fusion-row fusion-flex-align-items-flex-start fusion-flex-content-wrap\" style=\"max-width:calc( 1200px + 0px );margin-left: calc(-0px \/ 2 );margin-right: calc(-0px \/ 2 );\"><div class=\"fusion-layout-column fusion_builder_column fusion-builder-column-2 fusion_builder_column_1_1 1_1 fusion-flex-column\" style=\"--awb-bg-size:cover;--awb-width-large:100%;--awb-margin-top-large:0px;--awb-spacing-right-large:0px;--awb-margin-bottom-large:0px;--awb-spacing-left-large:0px;--awb-width-medium:100%;--awb-order-medium:0;--awb-spacing-right-medium:0px;--awb-spacing-left-medium:0px;--awb-width-small:100%;--awb-order-small:0;--awb-spacing-right-small:0px;--awb-spacing-left-small:0px;\"><div class=\"fusion-column-wrapper fusion-column-has-shadow fusion-flex-justify-content-flex-start fusion-content-layout-column\"><div class=\"fusion-title title fusion-title-1 fusion-sep-none fusion-title-text fusion-title-size-two\"><h2 class=\"fusion-title-heading title-heading-left fusion-responsive-typography-calculated\" style=\"margin:0;--fontSize:43;line-height:var(--awb-typography1-line-height);\"><\/h2><\/div><div class=\"fusion-text fusion-text-1\"><p>La maison, qui abrite aujourd&rsquo;hui le mus\u00e9e r\u00e9gional Ch\u00fcechlihus, a \u00e9t\u00e9 construite vers 1526, ce qui en fait le plus ancien b\u00e2timent en bois de la r\u00e9gion ayant conserv\u00e9 en grande partie son aspect original.<\/p>\n<p>Avec son toit pentu, ses consoles en blocs saillants et son imposante fa\u00e7ade divis\u00e9e par des rang\u00e9es de fen\u00eatres irr\u00e9guli\u00e8res, la maison est un solitaire dans le paysage typique des maisons du haut Emmental, dont on sait tr\u00e8s peu de choses sur les origines.<\/p>\n<p>A l&rsquo;origine, il s&rsquo;agissait d&rsquo;une maison d&rsquo;\u00e9picier situ\u00e9e au meilleur endroit du march\u00e9. Pendant des si\u00e8cles, elle a abrit\u00e9 diff\u00e9rents commerces au rez-de-chauss\u00e9e. Au 19e si\u00e8cle, un caf\u00e9 y a \u00e9t\u00e9 am\u00e9nag\u00e9, o\u00f9 l&rsquo;on servait jusqu&rsquo;en 1956 des \u00ab\u00a0Ch\u00fcechli\u00a0\u00bb, c&rsquo;est-\u00e0-dire des petits g\u00e2teaux cuits au four gras. En outre, la maison a abrit\u00e9 pendant un certain temps le secr\u00e9tariat communal, une auberge de jeunesse, des militaires, un cercle de lecture ainsi que des locaux de stockage et de march\u00e9, jusqu&rsquo;\u00e0 ce que la commune de Langnau mette l&rsquo;ensemble du b\u00e2timent \u00e0 disposition en tant que mus\u00e9e en 1981. Au printemps 2009, la maison attenante datant de 1856 a \u00e9t\u00e9 restaur\u00e9e et annex\u00e9e au mus\u00e9e.<\/p>\n<p>Aujourd&rsquo;hui, l&rsquo;atmosph\u00e8re particuli\u00e8re de cette maison charg\u00e9e d&rsquo;histoire fascine les visiteurs du monde entier.<\/p>\n<\/div><\/div><\/div><\/div><\/div><\/div><\/p>\n","protected":false},"excerpt":{"rendered":"","protected":false},"author":1,"featured_media":10484,"parent":11186,"menu_order":0,"comment_status":"closed","ping_status":"closed","template":"","meta":{"_acf_changed":false,"footnotes":""},"class_list":["post-11286","page","type-page","status-publish","has-post-thumbnail","hentry"],"acf":[],"yoast_head":"<!-- This site is optimized with the Yoast SEO plugin v25.5 - https:\/\/yoast.com\/wordpress\/plugins\/seo\/ -->\n<title>Ch\u00fcechlihus - Regionalmuseum Ch\u00fcechlihus<\/title>\n<meta name=\"robots\" content=\"index, follow, max-snippet:-1, max-image-preview:large, max-video-preview:-1\" \/>\n<link rel=\"canonical\" href=\"https:\/\/regionalmuseum-langnau.ch\/fr\/a-propos-de-nous\/chueechlihus\/\" \/>\n<meta property=\"og:locale\" content=\"fr_FR\" \/>\n<meta property=\"og:type\" content=\"article\" \/>\n<meta property=\"og:title\" content=\"Ch\u00fcechlihus - Regionalmuseum Ch\u00fcechlihus\" \/>\n<meta property=\"og:url\" content=\"https:\/\/regionalmuseum-langnau.ch\/fr\/a-propos-de-nous\/chueechlihus\/\" \/>\n<meta property=\"og:site_name\" content=\"Regionalmuseum Ch\u00fcechlihus\" \/>\n<meta property=\"article:modified_time\" content=\"2025-01-08T07:44:57+00:00\" \/>\n<meta property=\"og:image\" content=\"https:\/\/regionalmuseum-langnau.ch\/wp-content\/uploads\/2023\/04\/Regionalmuseum-Chuechlihus-Regionalmuseum-Chu\u2560eechlihus-Langnau-i.E.jpg\" \/>\n\t<meta property=\"og:image:width\" content=\"1200\" \/>\n\t<meta property=\"og:image:height\" content=\"900\" \/>\n\t<meta property=\"og:image:type\" content=\"image\/jpeg\" \/>\n<meta name=\"twitter:card\" content=\"summary_large_image\" \/>\n<meta name=\"twitter:label1\" content=\"Dur\u00e9e de lecture estim\u00e9e\" \/>\n\t<meta name=\"twitter:data1\" content=\"9 minutes\" \/>\n<script type=\"application\/ld+json\" class=\"yoast-schema-graph\">{\"@context\":\"https:\/\/schema.org\",\"@graph\":[{\"@type\":\"WebPage\",\"@id\":\"https:\/\/regionalmuseum-langnau.ch\/fr\/a-propos-de-nous\/chueechlihus\/\",\"url\":\"https:\/\/regionalmuseum-langnau.ch\/fr\/a-propos-de-nous\/chueechlihus\/\",\"name\":\"Ch\u00fcechlihus - Regionalmuseum Ch\u00fcechlihus\",\"isPartOf\":{\"@id\":\"https:\/\/regionalmuseum-langnau.ch\/fr\/#website\"},\"primaryImageOfPage\":{\"@id\":\"https:\/\/regionalmuseum-langnau.ch\/fr\/a-propos-de-nous\/chueechlihus\/#primaryimage\"},\"image\":{\"@id\":\"https:\/\/regionalmuseum-langnau.ch\/fr\/a-propos-de-nous\/chueechlihus\/#primaryimage\"},\"thumbnailUrl\":\"https:\/\/regionalmuseum-langnau.ch\/wp-content\/uploads\/2023\/04\/Regionalmuseum-Chuechlihus-Regionalmuseum-Chu\u2560eechlihus-Langnau-i.E.jpg\",\"datePublished\":\"2023-02-15T13:08:17+00:00\",\"dateModified\":\"2025-01-08T07:44:57+00:00\",\"breadcrumb\":{\"@id\":\"https:\/\/regionalmuseum-langnau.ch\/fr\/a-propos-de-nous\/chueechlihus\/#breadcrumb\"},\"inLanguage\":\"fr-FR\",\"potentialAction\":[{\"@type\":\"ReadAction\",\"target\":[\"https:\/\/regionalmuseum-langnau.ch\/fr\/a-propos-de-nous\/chueechlihus\/\"]}]},{\"@type\":\"ImageObject\",\"inLanguage\":\"fr-FR\",\"@id\":\"https:\/\/regionalmuseum-langnau.ch\/fr\/a-propos-de-nous\/chueechlihus\/#primaryimage\",\"url\":\"https:\/\/regionalmuseum-langnau.ch\/wp-content\/uploads\/2023\/04\/Regionalmuseum-Chuechlihus-Regionalmuseum-Chu\u2560eechlihus-Langnau-i.E.jpg\",\"contentUrl\":\"https:\/\/regionalmuseum-langnau.ch\/wp-content\/uploads\/2023\/04\/Regionalmuseum-Chuechlihus-Regionalmuseum-Chu\u2560eechlihus-Langnau-i.E.jpg\",\"width\":1200,\"height\":900},{\"@type\":\"BreadcrumbList\",\"@id\":\"https:\/\/regionalmuseum-langnau.ch\/fr\/a-propos-de-nous\/chueechlihus\/#breadcrumb\",\"itemListElement\":[{\"@type\":\"ListItem\",\"position\":1,\"name\":\"Page d'accueil\",\"item\":\"https:\/\/regionalmuseum-langnau.ch\/fr\/musee-regional-chueechlihus\/\"},{\"@type\":\"ListItem\",\"position\":2,\"name\":\"\u00c0 propos de nous\",\"item\":\"https:\/\/regionalmuseum-langnau.ch\/fr\/a-propos-de-nous\/\"},{\"@type\":\"ListItem\",\"position\":3,\"name\":\"Ch\u00fcechlihus\"}]},{\"@type\":\"WebSite\",\"@id\":\"https:\/\/regionalmuseum-langnau.ch\/fr\/#website\",\"url\":\"https:\/\/regionalmuseum-langnau.ch\/fr\/\",\"name\":\"Regionalmuseum Ch\u00fcechlihus\",\"description\":\"Das Emmental in einem Haus\",\"potentialAction\":[{\"@type\":\"SearchAction\",\"target\":{\"@type\":\"EntryPoint\",\"urlTemplate\":\"https:\/\/regionalmuseum-langnau.ch\/fr\/?s={search_term_string}\"},\"query-input\":{\"@type\":\"PropertyValueSpecification\",\"valueRequired\":true,\"valueName\":\"search_term_string\"}}],\"inLanguage\":\"fr-FR\"}]}<\/script>\n<!-- \/ Yoast SEO plugin. -->","yoast_head_json":{"title":"Ch\u00fcechlihus - Regionalmuseum Ch\u00fcechlihus","robots":{"index":"index","follow":"follow","max-snippet":"max-snippet:-1","max-image-preview":"max-image-preview:large","max-video-preview":"max-video-preview:-1"},"canonical":"https:\/\/regionalmuseum-langnau.ch\/fr\/a-propos-de-nous\/chueechlihus\/","og_locale":"fr_FR","og_type":"article","og_title":"Ch\u00fcechlihus - Regionalmuseum Ch\u00fcechlihus","og_url":"https:\/\/regionalmuseum-langnau.ch\/fr\/a-propos-de-nous\/chueechlihus\/","og_site_name":"Regionalmuseum Ch\u00fcechlihus","article_modified_time":"2025-01-08T07:44:57+00:00","og_image":[{"width":1200,"height":900,"url":"https:\/\/regionalmuseum-langnau.ch\/wp-content\/uploads\/2023\/04\/Regionalmuseum-Chuechlihus-Regionalmuseum-Chu\u2560eechlihus-Langnau-i.E.jpg","type":"image\/jpeg"}],"twitter_card":"summary_large_image","twitter_misc":{"Dur\u00e9e de lecture estim\u00e9e":"9 minutes"},"schema":{"@context":"https:\/\/schema.org","@graph":[{"@type":"WebPage","@id":"https:\/\/regionalmuseum-langnau.ch\/fr\/a-propos-de-nous\/chueechlihus\/","url":"https:\/\/regionalmuseum-langnau.ch\/fr\/a-propos-de-nous\/chueechlihus\/","name":"Ch\u00fcechlihus - Regionalmuseum Ch\u00fcechlihus","isPartOf":{"@id":"https:\/\/regionalmuseum-langnau.ch\/fr\/#website"},"primaryImageOfPage":{"@id":"https:\/\/regionalmuseum-langnau.ch\/fr\/a-propos-de-nous\/chueechlihus\/#primaryimage"},"image":{"@id":"https:\/\/regionalmuseum-langnau.ch\/fr\/a-propos-de-nous\/chueechlihus\/#primaryimage"},"thumbnailUrl":"https:\/\/regionalmuseum-langnau.ch\/wp-content\/uploads\/2023\/04\/Regionalmuseum-Chuechlihus-Regionalmuseum-Chu\u2560eechlihus-Langnau-i.E.jpg","datePublished":"2023-02-15T13:08:17+00:00","dateModified":"2025-01-08T07:44:57+00:00","breadcrumb":{"@id":"https:\/\/regionalmuseum-langnau.ch\/fr\/a-propos-de-nous\/chueechlihus\/#breadcrumb"},"inLanguage":"fr-FR","potentialAction":[{"@type":"ReadAction","target":["https:\/\/regionalmuseum-langnau.ch\/fr\/a-propos-de-nous\/chueechlihus\/"]}]},{"@type":"ImageObject","inLanguage":"fr-FR","@id":"https:\/\/regionalmuseum-langnau.ch\/fr\/a-propos-de-nous\/chueechlihus\/#primaryimage","url":"https:\/\/regionalmuseum-langnau.ch\/wp-content\/uploads\/2023\/04\/Regionalmuseum-Chuechlihus-Regionalmuseum-Chu\u2560eechlihus-Langnau-i.E.jpg","contentUrl":"https:\/\/regionalmuseum-langnau.ch\/wp-content\/uploads\/2023\/04\/Regionalmuseum-Chuechlihus-Regionalmuseum-Chu\u2560eechlihus-Langnau-i.E.jpg","width":1200,"height":900},{"@type":"BreadcrumbList","@id":"https:\/\/regionalmuseum-langnau.ch\/fr\/a-propos-de-nous\/chueechlihus\/#breadcrumb","itemListElement":[{"@type":"ListItem","position":1,"name":"Page d'accueil","item":"https:\/\/regionalmuseum-langnau.ch\/fr\/musee-regional-chueechlihus\/"},{"@type":"ListItem","position":2,"name":"\u00c0 propos de nous","item":"https:\/\/regionalmuseum-langnau.ch\/fr\/a-propos-de-nous\/"},{"@type":"ListItem","position":3,"name":"Ch\u00fcechlihus"}]},{"@type":"WebSite","@id":"https:\/\/regionalmuseum-langnau.ch\/fr\/#website","url":"https:\/\/regionalmuseum-langnau.ch\/fr\/","name":"Regionalmuseum Ch\u00fcechlihus","description":"Das Emmental in einem Haus","potentialAction":[{"@type":"SearchAction","target":{"@type":"EntryPoint","urlTemplate":"https:\/\/regionalmuseum-langnau.ch\/fr\/?s={search_term_string}"},"query-input":{"@type":"PropertyValueSpecification","valueRequired":true,"valueName":"search_term_string"}}],"inLanguage":"fr-FR"}]}},"_links":{"self":[{"href":"https:\/\/regionalmuseum-langnau.ch\/fr\/wp-json\/wp\/v2\/pages\/11286","targetHints":{"allow":["GET"]}}],"collection":[{"href":"https:\/\/regionalmuseum-langnau.ch\/fr\/wp-json\/wp\/v2\/pages"}],"about":[{"href":"https:\/\/regionalmuseum-langnau.ch\/fr\/wp-json\/wp\/v2\/types\/page"}],"author":[{"embeddable":true,"href":"https:\/\/regionalmuseum-langnau.ch\/fr\/wp-json\/wp\/v2\/users\/1"}],"replies":[{"embeddable":true,"href":"https:\/\/regionalmuseum-langnau.ch\/fr\/wp-json\/wp\/v2\/comments?post=11286"}],"version-history":[{"count":0,"href":"https:\/\/regionalmuseum-langnau.ch\/fr\/wp-json\/wp\/v2\/pages\/11286\/revisions"}],"up":[{"embeddable":true,"href":"https:\/\/regionalmuseum-langnau.ch\/fr\/wp-json\/wp\/v2\/pages\/11186"}],"wp:featuredmedia":[{"embeddable":true,"href":"https:\/\/regionalmuseum-langnau.ch\/fr\/wp-json\/wp\/v2\/media\/10484"}],"wp:attachment":[{"href":"https:\/\/regionalmuseum-langnau.ch\/fr\/wp-json\/wp\/v2\/media?parent=11286"}],"curies":[{"name":"wp","href":"https:\/\/api.w.org\/{rel}","templated":true}]}}