{"id":11302,"date":"2022-03-15T17:19:09","date_gmt":"2022-03-15T17:19:09","guid":{"rendered":"https:\/\/regionalmuseum-langnau.ch\/mentions-legales\/"},"modified":"2024-11-28T07:54:35","modified_gmt":"2024-11-28T07:54:35","slug":"mentions-legales","status":"publish","type":"page","link":"https:\/\/regionalmuseum-langnau.ch\/fr\/mentions-legales\/","title":{"rendered":"Mentions l\u00e9gales"},"content":{"rendered":"<p><div id=\"titre\" class=\"fusion-container-anchor\"><div class=\"fusion-fullwidth fullwidth-box fusion-builder-row-1 fusion-flex-container has-pattern-background has-mask-background objekt_titel nonhundred-percent-fullwidth non-hundred-percent-height-scrolling\" style=\"--awb-border-radius-top-left:0px;--awb-border-radius-top-right:0px;--awb-border-radius-bottom-right:0px;--awb-border-radius-bottom-left:0px;--awb-background-color:var(--awb-color4);--awb-flex-wrap:wrap;\" ><div class=\"fusion-builder-row fusion-row fusion-flex-align-items-flex-start fusion-flex-content-wrap\" style=\"max-width:calc( 1200px + 0px );margin-left: calc(-0px \/ 2 );margin-right: calc(-0px \/ 2 );\"><div class=\"fusion-layout-column fusion_builder_column fusion-builder-column-0 fusion_builder_column_1_1 1_1 fusion-flex-column\" style=\"--awb-padding-right:6.5%;--awb-padding-left:6.5%;--awb-bg-size:cover;--awb-width-large:100%;--awb-margin-top-large:0px;--awb-spacing-right-large:0px;--awb-margin-bottom-large:0px;--awb-spacing-left-large:0px;--awb-width-medium:100%;--awb-order-medium:0;--awb-spacing-right-medium:0px;--awb-spacing-left-medium:0px;--awb-width-small:100%;--awb-order-small:0;--awb-spacing-right-small:0px;--awb-spacing-left-small:0px;\"><div class=\"fusion-column-wrapper fusion-column-has-shadow fusion-flex-justify-content-flex-start fusion-content-layout-column\"> <\/p>\n<h1>Mentions l\u00e9gales<\/h1>\n<\/div><\/div><\/div><\/div><\/div><div id=\"titre\" class=\"fusion-container-anchor\"><div class=\"fusion-fullwidth fullwidth-box fusion-builder-row-2 fusion-flex-container has-pattern-background has-mask-background objekt_titel nonhundred-percent-fullwidth non-hundred-percent-height-scrolling\" style=\"--awb-border-radius-top-left:0px;--awb-border-radius-top-right:0px;--awb-border-radius-bottom-right:0px;--awb-border-radius-bottom-left:0px;--awb-padding-top:30px;--awb-flex-wrap:wrap;\" ><div class=\"fusion-builder-row fusion-row fusion-flex-align-items-flex-start fusion-flex-content-wrap\" style=\"max-width:calc( 1200px + 0px );margin-left: calc(-0px \/ 2 );margin-right: calc(-0px \/ 2 );\"><div class=\"fusion-layout-column fusion_builder_column fusion-builder-column-1 fusion_builder_column_1_1 1_1 fusion-flex-column\" style=\"--awb-padding-right:6.5%;--awb-padding-left:6.5%;--awb-bg-size:cover;--awb-width-large:100%;--awb-margin-top-large:0px;--awb-spacing-right-large:0px;--awb-margin-bottom-large:0px;--awb-spacing-left-large:0px;--awb-width-medium:100%;--awb-order-medium:0;--awb-spacing-right-medium:0px;--awb-spacing-left-medium:0px;--awb-width-small:100%;--awb-order-small:0;--awb-spacing-right-small:0px;--awb-spacing-left-small:0px;\"><div class=\"fusion-column-wrapper fusion-column-has-shadow fusion-flex-justify-content-flex-start fusion-content-layout-column\"><nav class=\"fusion-breadcrumbs awb-yoast-breadcrumbs fusion-breadcrumbs-1\" style=\"--awb-alignment:right;--awb-breadcrumb-sep:&#039;\/&#039;;text-align:right;\" aria-label=\"Breadcrumb\"><span><span><a href=\"https:\/\/regionalmuseum-langnau.ch\/fr\/musee-regional-chueechlihus\/\">Page d'accueil<\/a><\/span><\/span><\/nav><\/div><\/div><\/div><\/div><\/div>\n<div class=\"fusion-fullwidth fullwidth-box fusion-builder-row-3 fusion-flex-container nonhundred-percent-fullwidth non-hundred-percent-height-scrolling\" style=\"--awb-border-radius-top-left:0px;--awb-border-radius-top-right:0px;--awb-border-radius-bottom-right:0px;--awb-border-radius-bottom-left:0px;--awb-padding-top:70px;--awb-padding-right:6.5%;--awb-padding-bottom:40px;--awb-padding-left:6.5%;--awb-flex-wrap:wrap;\" ><div class=\"fusion-builder-row fusion-row fusion-flex-align-items-flex-start fusion-flex-content-wrap\" style=\"max-width:calc( 1200px + 0px );margin-left: calc(-0px \/ 2 );margin-right: calc(-0px \/ 2 );\"><div class=\"fusion-layout-column fusion_builder_column fusion-builder-column-2 fusion_builder_column_1_1 1_1 fusion-flex-column\" style=\"--awb-bg-size:cover;--awb-width-large:100%;--awb-margin-top-large:0px;--awb-spacing-right-large:0px;--awb-margin-bottom-large:0px;--awb-spacing-left-large:0px;--awb-width-medium:100%;--awb-order-medium:0;--awb-spacing-right-medium:0px;--awb-spacing-left-medium:0px;--awb-width-small:100%;--awb-order-small:0;--awb-spacing-right-small:0px;--awb-spacing-left-small:0px;\"><div class=\"fusion-column-wrapper fusion-column-has-shadow fusion-flex-justify-content-flex-start fusion-content-layout-column\"><div class=\"fusion-text fusion-text-1\" style=\"--awb-text-transform:none;\"><h2 data-fontsize=\"32\" data-lineheight=\"43.2px\">Adresse de contact<\/h2>\n<p>Mus\u00e9e r\u00e9gional Ch\u00fcechlihus<br \/>\nB\u00e4renplatz 1<br \/>\n3550 Langnau i.E.<\/p>\n<p>E-mail : <a href=\"mailto:info@regionalmuseum-langnau.ch\">info@regionalmuseum-langnau.ch<\/a><br \/>\nT\u00e9l\u00e9phone : <a href=\"tel:+41344021819\">034 402 18 19<\/a><\/p>\n<h2 data-fontsize=\"32\" data-lineheight=\"43.2px\">Droit d&rsquo;auteur<\/h2>\n<p>Les contenus, \u0153uvres et informations mis \u00e0 disposition sur ce site Internet sont soumis au droit d&rsquo;auteur suisse.<br \/>\nToute forme de reproduction, de traitement, de diffusion, d&rsquo;enregistrement et tout type d&rsquo;exploitation en dehors des limites du droit d&rsquo;auteur n\u00e9cessitent l&rsquo;accord \u00e9crit pr\u00e9alable du d\u00e9tenteur des droits.<br \/>\nLa copie\/l&rsquo;enregistrement non autoris\u00e9s des informations mises \u00e0 disposition sur ces pages web sont interdits et punissables.  <\/p>\n<h2 data-fontsize=\"32\" data-lineheight=\"43.2px\">Clause de non-responsabilit\u00e9<\/h2>\n<p>L&rsquo;auteur n&rsquo;assume aucune responsabilit\u00e9 quant \u00e0 la v\u00e9racit\u00e9, l&rsquo;exactitude, l&rsquo;actualit\u00e9, la fiabilit\u00e9 et l&rsquo;exhaustivit\u00e9 du contenu des informations.<\/p>\n<h2>Mise en \u0153uvre<\/h2>\n<p>Ce site a \u00e9t\u00e9 cr\u00e9\u00e9 par webage, <a href=\"https:\/\/webage.ch\">l&rsquo;agence web de Berne<\/a>.<\/p>\n<\/div><\/div><\/div><\/div><\/div><\/p>\n","protected":false},"excerpt":{"rendered":"","protected":false},"author":1,"featured_media":0,"parent":0,"menu_order":0,"comment_status":"closed","ping_status":"closed","template":"","meta":{"_acf_changed":false,"footnotes":""},"class_list":["post-11302","page","type-page","status-publish","hentry"],"acf":[],"yoast_head":"<!-- This site is optimized with the Yoast SEO plugin v25.5 - https:\/\/yoast.com\/wordpress\/plugins\/seo\/ -->\n<title>Mentions l\u00e9gales - Regionalmuseum Ch\u00fcechlihus<\/title>\n<meta name=\"robots\" content=\"index, follow, max-snippet:-1, max-image-preview:large, max-video-preview:-1\" \/>\n<link rel=\"canonical\" href=\"https:\/\/regionalmuseum-langnau.ch\/fr\/mentions-legales\/\" \/>\n<meta property=\"og:locale\" content=\"fr_FR\" \/>\n<meta property=\"og:type\" content=\"article\" \/>\n<meta property=\"og:title\" content=\"Mentions l\u00e9gales - Regionalmuseum Ch\u00fcechlihus\" \/>\n<meta property=\"og:url\" content=\"https:\/\/regionalmuseum-langnau.ch\/fr\/mentions-legales\/\" \/>\n<meta property=\"og:site_name\" content=\"Regionalmuseum Ch\u00fcechlihus\" \/>\n<meta property=\"article:modified_time\" content=\"2024-11-28T07:54:35+00:00\" \/>\n<meta name=\"twitter:card\" content=\"summary_large_image\" \/>\n<meta name=\"twitter:label1\" content=\"Dur\u00e9e de lecture estim\u00e9e\" \/>\n\t<meta name=\"twitter:data1\" content=\"7 minutes\" \/>\n<script type=\"application\/ld+json\" class=\"yoast-schema-graph\">{\"@context\":\"https:\/\/schema.org\",\"@graph\":[{\"@type\":\"WebPage\",\"@id\":\"https:\/\/regionalmuseum-langnau.ch\/fr\/mentions-legales\/\",\"url\":\"https:\/\/regionalmuseum-langnau.ch\/fr\/mentions-legales\/\",\"name\":\"Mentions l\u00e9gales - Regionalmuseum Ch\u00fcechlihus\",\"isPartOf\":{\"@id\":\"https:\/\/regionalmuseum-langnau.ch\/fr\/#website\"},\"datePublished\":\"2022-03-15T17:19:09+00:00\",\"dateModified\":\"2024-11-28T07:54:35+00:00\",\"breadcrumb\":{\"@id\":\"https:\/\/regionalmuseum-langnau.ch\/fr\/mentions-legales\/#breadcrumb\"},\"inLanguage\":\"fr-FR\",\"potentialAction\":[{\"@type\":\"ReadAction\",\"target\":[\"https:\/\/regionalmuseum-langnau.ch\/fr\/mentions-legales\/\"]}]},{\"@type\":\"BreadcrumbList\",\"@id\":\"https:\/\/regionalmuseum-langnau.ch\/fr\/mentions-legales\/#breadcrumb\",\"itemListElement\":[{\"@type\":\"ListItem\",\"position\":1,\"name\":\"Page d'accueil\",\"item\":\"https:\/\/regionalmuseum-langnau.ch\/fr\/musee-regional-chueechlihus\/\"},{\"@type\":\"ListItem\",\"position\":2,\"name\":\"Mentions l\u00e9gales\"}]},{\"@type\":\"WebSite\",\"@id\":\"https:\/\/regionalmuseum-langnau.ch\/fr\/#website\",\"url\":\"https:\/\/regionalmuseum-langnau.ch\/fr\/\",\"name\":\"Regionalmuseum Ch\u00fcechlihus\",\"description\":\"Das Emmental in einem Haus\",\"potentialAction\":[{\"@type\":\"SearchAction\",\"target\":{\"@type\":\"EntryPoint\",\"urlTemplate\":\"https:\/\/regionalmuseum-langnau.ch\/fr\/?s={search_term_string}\"},\"query-input\":{\"@type\":\"PropertyValueSpecification\",\"valueRequired\":true,\"valueName\":\"search_term_string\"}}],\"inLanguage\":\"fr-FR\"}]}<\/script>\n<!-- \/ Yoast SEO plugin. -->","yoast_head_json":{"title":"Mentions l\u00e9gales - Regionalmuseum Ch\u00fcechlihus","robots":{"index":"index","follow":"follow","max-snippet":"max-snippet:-1","max-image-preview":"max-image-preview:large","max-video-preview":"max-video-preview:-1"},"canonical":"https:\/\/regionalmuseum-langnau.ch\/fr\/mentions-legales\/","og_locale":"fr_FR","og_type":"article","og_title":"Mentions l\u00e9gales - Regionalmuseum Ch\u00fcechlihus","og_url":"https:\/\/regionalmuseum-langnau.ch\/fr\/mentions-legales\/","og_site_name":"Regionalmuseum Ch\u00fcechlihus","article_modified_time":"2024-11-28T07:54:35+00:00","twitter_card":"summary_large_image","twitter_misc":{"Dur\u00e9e de lecture estim\u00e9e":"7 minutes"},"schema":{"@context":"https:\/\/schema.org","@graph":[{"@type":"WebPage","@id":"https:\/\/regionalmuseum-langnau.ch\/fr\/mentions-legales\/","url":"https:\/\/regionalmuseum-langnau.ch\/fr\/mentions-legales\/","name":"Mentions l\u00e9gales - Regionalmuseum Ch\u00fcechlihus","isPartOf":{"@id":"https:\/\/regionalmuseum-langnau.ch\/fr\/#website"},"datePublished":"2022-03-15T17:19:09+00:00","dateModified":"2024-11-28T07:54:35+00:00","breadcrumb":{"@id":"https:\/\/regionalmuseum-langnau.ch\/fr\/mentions-legales\/#breadcrumb"},"inLanguage":"fr-FR","potentialAction":[{"@type":"ReadAction","target":["https:\/\/regionalmuseum-langnau.ch\/fr\/mentions-legales\/"]}]},{"@type":"BreadcrumbList","@id":"https:\/\/regionalmuseum-langnau.ch\/fr\/mentions-legales\/#breadcrumb","itemListElement":[{"@type":"ListItem","position":1,"name":"Page d'accueil","item":"https:\/\/regionalmuseum-langnau.ch\/fr\/musee-regional-chueechlihus\/"},{"@type":"ListItem","position":2,"name":"Mentions l\u00e9gales"}]},{"@type":"WebSite","@id":"https:\/\/regionalmuseum-langnau.ch\/fr\/#website","url":"https:\/\/regionalmuseum-langnau.ch\/fr\/","name":"Regionalmuseum Ch\u00fcechlihus","description":"Das Emmental in einem Haus","potentialAction":[{"@type":"SearchAction","target":{"@type":"EntryPoint","urlTemplate":"https:\/\/regionalmuseum-langnau.ch\/fr\/?s={search_term_string}"},"query-input":{"@type":"PropertyValueSpecification","valueRequired":true,"valueName":"search_term_string"}}],"inLanguage":"fr-FR"}]}},"_links":{"self":[{"href":"https:\/\/regionalmuseum-langnau.ch\/fr\/wp-json\/wp\/v2\/pages\/11302","targetHints":{"allow":["GET"]}}],"collection":[{"href":"https:\/\/regionalmuseum-langnau.ch\/fr\/wp-json\/wp\/v2\/pages"}],"about":[{"href":"https:\/\/regionalmuseum-langnau.ch\/fr\/wp-json\/wp\/v2\/types\/page"}],"author":[{"embeddable":true,"href":"https:\/\/regionalmuseum-langnau.ch\/fr\/wp-json\/wp\/v2\/users\/1"}],"replies":[{"embeddable":true,"href":"https:\/\/regionalmuseum-langnau.ch\/fr\/wp-json\/wp\/v2\/comments?post=11302"}],"version-history":[{"count":0,"href":"https:\/\/regionalmuseum-langnau.ch\/fr\/wp-json\/wp\/v2\/pages\/11302\/revisions"}],"wp:attachment":[{"href":"https:\/\/regionalmuseum-langnau.ch\/fr\/wp-json\/wp\/v2\/media?parent=11302"}],"curies":[{"name":"wp","href":"https:\/\/api.w.org\/{rel}","templated":true}]}}